{"id":2413,"date":"2015-05-30T07:24:51","date_gmt":"2015-05-30T11:24:51","guid":{"rendered":"http:\/\/aptgadget.com\/?page_id=2413"},"modified":"2017-03-05T17:36:48","modified_gmt":"2017-03-05T22:36:48","slug":"privacy-policy","status":"publish","type":"page","link":"https:\/\/aptgadget.com\/de\/privacy-policy\/","title":{"rendered":"Datenschutzrichtlinie"},"content":{"rendered":"<p>Diese Datenschutzrichtlinie beschreibt, in welcher Weise AptGadget.com Informationen von registrierten\/nicht registrierten Benutzern von\u00a0<a href=\"http:\/\/aptgadget.com\/de\/\">http:\/\/aptgadget.com<\/a>. Unsere Datenschutzrichtlinie gilt sowohl f\u00fcr Besucher der Site als auch f\u00fcr registrierte Mitwirkende von Mailinglistenmitgliedern.<br \/>\n<strong>Pers\u00f6nliche Identifikationsinformationen<\/strong><\/p>\n<p>Einige pers\u00f6nliche Identifikationsinformationen k\u00f6nnen von Mitgliedern verlangt werden, unter anderem, wenn Benutzer unsere Website besuchen, sich registrieren, Beitr\u00e4ge leisten, den Newsletter abonnieren und bei jeder anderen Form der Nutzung von auf der Website bereitgestellten Inhalten. Bei manchen Preisausschreiben oder Werbegeschenken sind oft nur Name und g\u00fcltige E-Mail-Adresse erforderlich, und es kann sein, dass best\u00e4tigte physische Adressen angegeben werden. Benutzer behalten sich das Recht vor, anonym zu surfen. Pers\u00f6nliche Identifikationsinformationen werden nur freiwillig vom Benutzer direkt an uns erhoben. Benutzer behalten sich das Recht vor, die Teilnahme an Diensten abzulehnen, f\u00fcr die pers\u00f6nliche Informationen erforderlich sind.<\/p>\n<p><strong>Nicht personenbezogene Identifikationsinformationen<\/strong><\/p>\n<p>Wir k\u00f6nnen nicht personenbezogene Identifikationsinformationen \u00fcber Benutzer sammeln, die unsere Website besuchen. Zu den nicht personenbezogenen Identifikationsinformationen k\u00f6nnen der Browsername, der Computer, Software wie Ihr Betriebssystem und die vom Internetdienstanbieter zugewiesene IP-Adresse und \u00e4hnliche Informationen geh\u00f6ren.<\/p>\n<p><strong>Webbrowser-Cookies<\/strong><\/p>\n<p>AptGadget.com verwendet \u201eCookies\u201c, um das Benutzererlebnis zu verbessern. Browsersoftware speichert Cookies auf der Festplatte des Benutzers zu Aufzeichnungs- und Nachverfolgungszwecken. Das vollst\u00e4ndige Deaktivieren von Cookies kann die Funktion verschiedener Plug-Ins oder Dienste beeintr\u00e4chtigen, die auf der Website angeboten werden.<\/p>\n<p><strong>Wie wir gesammelte Informationen verwenden<\/strong><\/p>\n<p>AptGadget kann personenbezogene Daten der Benutzer f\u00fcr die folgenden Zwecke erfassen und verwenden:<\/p>\n<ul>\n<li><em>\u2013 Um das Benutzererlebnis zu personalisieren<\/em><br \/>\nWir k\u00f6nnen Informationen in zusammengefasster Form verwenden, um zu verstehen, wie unsere Benutzer als Gruppe die auf unserer Site bereitgestellten Dienste und Ressourcen nutzen.<\/li>\n<li><em>\u2013 Um unsere Website zu verbessern<\/em><br \/>\nWir k\u00f6nnen Ihr Feedback zur Verbesserung unserer Produkte und Dienstleistungen nutzen.<\/li>\n<li><em>\u2013 Um eine Werbeaktion, einen Wettbewerb, eine Umfrage oder eine andere Website-Funktion durchzuf\u00fchren<\/em><br \/>\nUm Benutzern Informationen zu Themen zu senden, von denen wir meinen, dass sie f\u00fcr sie von Interesse sind, deren Erhalt sie zugestimmt haben.<\/li>\n<li><em>\u2013 Um regelm\u00e4\u00dfige E-Mails zu senden<\/em><br \/>\nWir k\u00f6nnen die E-Mail-Adresse verwenden, um auf ihre Anfragen, Fragen und\/oder andere Anfragen zu antworten. Wenn sich der Benutzer f\u00fcr unsere Mailingliste entscheidet, erh\u00e4lt er E-Mails, die Unternehmensnachrichten, Updates, verwandte Produkt- oder Serviceinformationen usw. enthalten k\u00f6nnen. Wenn der Benutzer den Erhalt zuk\u00fcnftiger E-Mails jederzeit abbestellen m\u00f6chte, f\u00fcgen wir am Ende jeder E-Mail detaillierte Anweisungen zum Abbestellen bei, oder der Benutzer kann uns \u00fcber unsere Website kontaktieren.<\/li>\n<\/ul>\n<p><strong>So sch\u00fctzen wir Ihre Daten<\/strong><\/p>\n<p>Wir ergreifen geeignete Verfahren zur Datenerfassung, -speicherung und -verarbeitung sowie Sicherheitsma\u00dfnahmen, um Ihre pers\u00f6nlichen Daten, Ihren Benutzernamen, Ihr Passwort, Ihre Transaktionsdaten und die auf unserer Site gespeicherten Daten vor unbefugtem Zugriff, \u00c4nderung, Offenlegung oder Zerst\u00f6rung zu sch\u00fctzen.<\/p>\n<p><strong>Weitergabe Ihrer pers\u00f6nlichen Daten<\/strong><\/p>\n<p>Wir verkaufen, tauschen oder vermieten keine pers\u00f6nlichen Identifikationsdaten von Benutzern an Dritte. Wir k\u00f6nnen allgemeine, aggregierte demografische Daten, die nicht mit pers\u00f6nlichen Identifikationsdaten von Besuchern und Benutzern verkn\u00fcpft sind, zu den oben genannten Zwecken an unsere Gesch\u00e4ftspartner, vertrauensw\u00fcrdige Partner und Werbetreibende weitergeben. Wir k\u00f6nnen Drittanbieter von Dienstleistungen nutzen, die uns bei der F\u00fchrung unseres Gesch\u00e4fts und der Website unterst\u00fctzen oder Aktivit\u00e4ten in unserem Namen verwalten, wie z. B. das Versenden von Newslettern oder Umfragen. Wir k\u00f6nnen Ihre Daten zu diesen begrenzten Zwecken an diese Drittanbieter weitergeben, sofern Sie uns Ihre Erlaubnis erteilt haben.<\/p>\n<p><strong>Websites von Drittanbietern<\/strong><\/p>\n<p>Benutzer k\u00f6nnen auf unserer Site Werbung oder andere Inhalte finden, die auf die Sites und Dienste unserer Partner, Lieferanten, Werbetreibenden, Sponsoren, Lizenzgeber und anderer Dritter verweisen. Wir kontrollieren die Inhalte oder Links auf diesen Sites nicht und sind nicht verantwortlich f\u00fcr die Praktiken von Websites, die mit unserer Site verlinkt sind oder von ihr verlinkt werden. Dar\u00fcber hinaus k\u00f6nnen sich diese Sites oder Dienste, einschlie\u00dflich ihrer Inhalte und Links, st\u00e4ndig \u00e4ndern. Diese Sites und Dienste k\u00f6nnen ihre eigenen Datenschutzrichtlinien und Kundendienstrichtlinien haben. Das Surfen und die Interaktion auf anderen Websites, einschlie\u00dflich Websites, die einen Link zu unserer Site enthalten, unterliegen den eigenen Bedingungen und Richtlinien dieser Website.<\/p>\n<p><strong>Werbung<\/strong><\/p>\n<p>Anzeigen, die auf unserer Website erscheinen, k\u00f6nnen den Benutzern von Werbepartnern zugestellt werden, die m\u00f6glicherweise Cookies setzen. Diese Cookies erm\u00f6glichen es dem Anzeigenserver, Ihren Computer jedes Mal wiederzuerkennen, wenn er Ihnen eine Online-Werbung sendet, um nicht personenbezogene Identifikationsinformationen \u00fcber Sie oder andere Benutzer Ihres Computers zu sammeln. Diese Informationen erm\u00f6glichen es Werbenetzwerken unter anderem, gezielte Anzeigen zu liefern, von denen sie glauben, dass sie f\u00fcr Sie am interessantesten sind. Diese Datenschutzrichtlinie gilt nicht f\u00fcr die Verwendung von Cookies durch Werbetreibende.<\/p>\n<p><strong>Google AdSense<\/strong><\/p>\n<p>Beim Besuch dieser Website werden Informationen \u00fcber auf AptGadget angezeigte Anzeigen an Google weitergegeben. Weitere Informationen finden Sie unter: <a href=\"https:\/\/www.google.com\/policies\/privacy\/partners\/\" target=\"_blank\" rel=\"noopener\">So verwendet Google Daten, wenn Sie Websites oder Apps unserer Partner nutzen<\/a>.<\/p>\n<p>Einige der Anzeigen k\u00f6nnen von Google bereitgestellt werden. Durch die Verwendung des DART-Cookies durch Google kann Google Anzeigen f\u00fcr Benutzer bereitstellen, die auf ihrem Besuch unserer Website und anderer Websites im Internet basieren. DART verwendet \u201enicht pers\u00f6nlich identifizierbare Informationen\u201c und verfolgt KEINE pers\u00f6nlichen Informationen \u00fcber Sie, wie Ihren Namen, Ihre E-Mail-Adresse, Ihre physische Adresse usw. Sie k\u00f6nnen die Verwendung des DART-Cookies ablehnen, indem Sie die Datenschutzrichtlinie des Google-Anzeigen- und Content-Netzwerks unter aufrufen.\u00a0<a href=\"http:\/\/www.google.com\/privacy_ads.html\" target=\"_blank\" rel=\"noopener\">http:\/\/www.google.com\/privacy_ads.html<\/a><\/p>\n<p><strong>\u00c4nderungen dieser Datenschutzrichtlinie<\/strong><\/p>\n<p>AptGadget hat das Recht, diese Datenschutzrichtlinie jederzeit zu aktualisieren. Wenn wir dies tun, werden wir das Aktualisierungsdatum unten auf dieser Seite aktualisieren und Ihnen eine E-Mail senden. Wir empfehlen Benutzern, diese Seite regelm\u00e4\u00dfig auf \u00c4nderungen zu \u00fcberpr\u00fcfen, um auf dem Laufenden zu bleiben, wie wir zum Schutz der von uns gesammelten pers\u00f6nlichen Daten beitragen. Sie erkennen an und stimmen zu, dass es in Ihrer Verantwortung liegt, diese Datenschutzrichtlinie regelm\u00e4\u00dfig zu \u00fcberpr\u00fcfen und sich \u00fcber \u00c4nderungen zu informieren.<\/p>\n<p><strong>Ihre Zustimmung zu diesen Bedingungen<\/strong><\/p>\n<p>Durch die Nutzung dieser Site erkl\u00e4ren Sie sich mit dieser Richtlinie einverstanden. Wenn Sie dieser Richtlinie nicht zustimmen, verwenden Sie unsere Site bitte nicht. Ihre fortgesetzte Nutzung der Site nach der Ver\u00f6ffentlichung von \u00c4nderungen an dieser Richtlinie gilt als Ihre Zustimmung zu diesen \u00c4nderungen.<\/p>\n<p><strong>Uns kontaktieren<\/strong><\/p>\n<p>Wenn Sie Fragen zu dieser Datenschutzrichtlinie, den Praktiken dieser Site oder Ihrem Umgang mit dieser Site haben, kontaktieren Sie uns bitte unter:<br \/>\ninfo@aptgadget.com<\/p>\n<p>Dieses Dokument wurde zuletzt am 05. M\u00e4rz 2017 aktualisiert.<\/p>","protected":false},"excerpt":{"rendered":"<p>This Privacy Policy outlines in which manner AptGadget,com may collect and utilize information collected from registered\/non-registered Users of\u00a0http:\/\/aptgadget.com. Our privacy policy applies to both visitors of the site, as well as registered contributors of mailing list members. Personal identification information Some personal identification information may be requested from members, including, but not limited to, when &hellip;<\/p>","protected":false},"author":1,"featured_media":0,"parent":0,"menu_order":0,"comment_status":"open","ping_status":"open","template":"","meta":{"footnotes":""},"class_list":["post-2413","page","type-page","status-publish","hentry"],"yoast_head":"<!-- This site is optimized with the Yoast SEO Premium plugin v27.1 (Yoast SEO v27.1.1) - https:\/\/yoast.com\/product\/yoast-seo-premium-wordpress\/ -->\n<title>Privacy Policy - AptGadget.com<\/title>\n<meta name=\"robots\" content=\"index, follow, max-snippet:-1, max-image-preview:large, max-video-preview:-1\" \/>\n<link rel=\"canonical\" href=\"https:\/\/aptgadget.com\/de\/privacy-policy\/\" \/>\n<meta property=\"og:locale\" content=\"de_DE\" \/>\n<meta property=\"og:type\" content=\"article\" \/>\n<meta property=\"og:title\" content=\"Privacy Policy\" \/>\n<meta property=\"og:description\" content=\"This Privacy Policy outlines in which manner AptGadget,com may collect and utilize information collected from registered\/non-registered Users of\u00a0http:\/\/aptgadget.com. Our privacy policy applies to both visitors of the site, as well as registered contributors of mailing list members. Personal identification information Some personal identification information may be requested from members, including, but not limited to, when &hellip;\" \/>\n<meta property=\"og:url\" content=\"https:\/\/aptgadget.com\/de\/privacy-policy\/\" \/>\n<meta property=\"og:site_name\" content=\"AptGadget.com\" \/>\n<meta property=\"article:modified_time\" content=\"2017-03-05T22:36:48+00:00\" \/>\n<meta name=\"twitter:label1\" content=\"Gesch\u00e4tzte Lesezeit\" \/>\n\t<meta name=\"twitter:data1\" content=\"5\u00a0Minuten\" \/>\n<script type=\"application\/ld+json\" class=\"yoast-schema-graph\">{\"@context\":\"https:\/\/schema.org\",\"@graph\":[{\"@type\":\"WebPage\",\"@id\":\"https:\/\/aptgadget.com\/privacy-policy\/\",\"url\":\"https:\/\/aptgadget.com\/privacy-policy\/\",\"name\":\"Privacy Policy - AptGadget.com\",\"isPartOf\":{\"@id\":\"https:\/\/aptgadget.com\/#website\"},\"datePublished\":\"2015-05-30T11:24:51+00:00\",\"dateModified\":\"2017-03-05T22:36:48+00:00\",\"breadcrumb\":{\"@id\":\"https:\/\/aptgadget.com\/privacy-policy\/#breadcrumb\"},\"inLanguage\":\"de\",\"potentialAction\":[{\"@type\":\"ReadAction\",\"target\":[\"https:\/\/aptgadget.com\/privacy-policy\/\"]}]},{\"@type\":\"BreadcrumbList\",\"@id\":\"https:\/\/aptgadget.com\/privacy-policy\/#breadcrumb\",\"itemListElement\":[{\"@type\":\"ListItem\",\"position\":1,\"name\":\"Home\",\"item\":\"https:\/\/aptgadget.com\/\"},{\"@type\":\"ListItem\",\"position\":2,\"name\":\"Privacy Policy\"}]},{\"@type\":\"WebSite\",\"@id\":\"https:\/\/aptgadget.com\/#website\",\"url\":\"https:\/\/aptgadget.com\/\",\"name\":\"AptGadget.com\",\"description\":\"Technology Reviews, Products and News\",\"potentialAction\":[{\"@type\":\"SearchAction\",\"target\":{\"@type\":\"EntryPoint\",\"urlTemplate\":\"https:\/\/aptgadget.com\/?s={search_term_string}\"},\"query-input\":{\"@type\":\"PropertyValueSpecification\",\"valueRequired\":true,\"valueName\":\"search_term_string\"}}],\"inLanguage\":\"de\"}]}<\/script>\n<!-- \/ Yoast SEO Premium plugin. -->","yoast_head_json":{"title":"Privacy Policy - AptGadget.com","robots":{"index":"index","follow":"follow","max-snippet":"max-snippet:-1","max-image-preview":"max-image-preview:large","max-video-preview":"max-video-preview:-1"},"canonical":"https:\/\/aptgadget.com\/de\/privacy-policy\/","og_locale":"de_DE","og_type":"article","og_title":"Privacy Policy","og_description":"This Privacy Policy outlines in which manner AptGadget,com may collect and utilize information collected from registered\/non-registered Users of\u00a0http:\/\/aptgadget.com. Our privacy policy applies to both visitors of the site, as well as registered contributors of mailing list members. Personal identification information Some personal identification information may be requested from members, including, but not limited to, when &hellip;","og_url":"https:\/\/aptgadget.com\/de\/privacy-policy\/","og_site_name":"AptGadget.com","article_modified_time":"2017-03-05T22:36:48+00:00","twitter_misc":{"Gesch\u00e4tzte Lesezeit":"5\u00a0Minuten"},"schema":{"@context":"https:\/\/schema.org","@graph":[{"@type":"WebPage","@id":"https:\/\/aptgadget.com\/privacy-policy\/","url":"https:\/\/aptgadget.com\/privacy-policy\/","name":"Privacy Policy - AptGadget.com","isPartOf":{"@id":"https:\/\/aptgadget.com\/#website"},"datePublished":"2015-05-30T11:24:51+00:00","dateModified":"2017-03-05T22:36:48+00:00","breadcrumb":{"@id":"https:\/\/aptgadget.com\/privacy-policy\/#breadcrumb"},"inLanguage":"de","potentialAction":[{"@type":"ReadAction","target":["https:\/\/aptgadget.com\/privacy-policy\/"]}]},{"@type":"BreadcrumbList","@id":"https:\/\/aptgadget.com\/privacy-policy\/#breadcrumb","itemListElement":[{"@type":"ListItem","position":1,"name":"Home","item":"https:\/\/aptgadget.com\/"},{"@type":"ListItem","position":2,"name":"Privacy Policy"}]},{"@type":"WebSite","@id":"https:\/\/aptgadget.com\/#website","url":"https:\/\/aptgadget.com\/","name":"AptGadget.com","description":"Technology Reviews, Products and News","potentialAction":[{"@type":"SearchAction","target":{"@type":"EntryPoint","urlTemplate":"https:\/\/aptgadget.com\/?s={search_term_string}"},"query-input":{"@type":"PropertyValueSpecification","valueRequired":true,"valueName":"search_term_string"}}],"inLanguage":"de"}]}},"_links":{"self":[{"href":"https:\/\/aptgadget.com\/de\/wp-json\/wp\/v2\/pages\/2413","targetHints":{"allow":["GET"]}}],"collection":[{"href":"https:\/\/aptgadget.com\/de\/wp-json\/wp\/v2\/pages"}],"about":[{"href":"https:\/\/aptgadget.com\/de\/wp-json\/wp\/v2\/types\/page"}],"author":[{"embeddable":true,"href":"https:\/\/aptgadget.com\/de\/wp-json\/wp\/v2\/users\/1"}],"replies":[{"embeddable":true,"href":"https:\/\/aptgadget.com\/de\/wp-json\/wp\/v2\/comments?post=2413"}],"version-history":[{"count":3,"href":"https:\/\/aptgadget.com\/de\/wp-json\/wp\/v2\/pages\/2413\/revisions"}],"predecessor-version":[{"id":13866,"href":"https:\/\/aptgadget.com\/de\/wp-json\/wp\/v2\/pages\/2413\/revisions\/13866"}],"wp:attachment":[{"href":"https:\/\/aptgadget.com\/de\/wp-json\/wp\/v2\/media?parent=2413"}],"curies":[{"name":"wp","href":"https:\/\/api.w.org\/{rel}","templated":true}]}}