{"id":4271,"date":"2015-09-16T02:23:21","date_gmt":"2015-09-16T06:23:21","guid":{"rendered":"http:\/\/aptgadget.com\/?page_id=4271"},"modified":"2020-10-29T10:59:06","modified_gmt":"2020-10-29T14:59:06","slug":"about","status":"publish","type":"page","link":"https:\/\/aptgadget.com\/de\/about\/","title":{"rendered":"\u00dcber uns"},"content":{"rendered":"<p><img loading=\"lazy\" decoding=\"async\" class=\"aligncenter wp-image-13900\" src=\"https:\/\/aptgadget.com\/wp-content\/uploads\/2015\/09\/aptgadget_logo_retina.png\" width=\"600\" height=\"126\" srcset=\"https:\/\/aptgadget.com\/wp-content\/uploads\/2015\/09\/aptgadget_logo_retina.png 950w, https:\/\/aptgadget.com\/wp-content\/uploads\/2015\/09\/aptgadget_logo_retina-300x63.png 300w, https:\/\/aptgadget.com\/wp-content\/uploads\/2015\/09\/aptgadget_logo_retina-765x161.png 765w, https:\/\/aptgadget.com\/wp-content\/uploads\/2015\/09\/aptgadget_logo_retina-1024x216.png 1024w, https:\/\/aptgadget.com\/wp-content\/uploads\/2015\/09\/aptgadget_logo_retina-244x51.png 244w\" sizes=\"auto, (max-width: 600px) 100vw, 600px\" \/><\/p>\n<p>In einer globalisierten Welt dreht sich unser Leben um Technologie. Der Internetzugang ist zum Synonym f\u00fcr die Verbindung mit der Welt geworden, und ohne ihn h\u00e4tten wir nie die Fortschritte erzielt, die wir heute durch den nahezu sofortigen Austausch von Informationen haben. Heute k\u00f6nnen wir nach Antworten auf jede Frage suchen und Antworten schneller finden, als wir es je f\u00fcr m\u00f6glich gehalten h\u00e4tten.<\/p>\n<p>Hier kommt AptGadget ins Spiel. Wir von AptGadget sind eine Plattform, auf der Menschen auf der ganzen Welt Informationen finden k\u00f6nnen. Wir m\u00f6chten jedem etwas bieten. Ob Spiele, Telefone oder sogar Haushaltsger\u00e4te \u2013 wir tun unser Bestes, um bei unabh\u00e4ngigen Nachrichten und Testberichten im Bereich Technik ganz vorne mit dabei zu sein. Wir bieten eine gemischte Auswahl an Anleitungen, Tutorials und Testberichten, die Benutzern dabei helfen, sich im Umgang mit neuer Hardware und Apps zurechtzufinden.<\/p>\n<p>Angesichts der Geschwindigkeit, mit der neue Tools und Fortschritte bereitgestellt werden, besteht ein endloser Bedarf an Content-Erstellern, die ihr Wissen online teilen. Durch die Kombination von Vollzeitmitarbeitern und freiberuflichen Autoren k\u00f6nnen wir st\u00e4ndig einen frischen Ansatz verfolgen und gleichzeitig einen hohen Qualit\u00e4tsstandard aufrechterhalten. Auf diese Weise k\u00f6nnen wir die unterschiedlichen Perspektiven und Kulturen unserer Autoren nutzen und sicherstellen, dass alles, was wir ver\u00f6ffentlichen, f\u00fcr Sie relevant bleibt.<\/p>\n<p>Als unabh\u00e4ngige Website sind wir stolz darauf, uns an die Zeit anpassen zu k\u00f6nnen. Wir k\u00f6nnen neue Ideen schnell umsetzen. Am wichtigsten ist, dass wir an unsere Philosophie glauben: Hochwertige Inhalte, die ein breites Themenspektrum abdecken und die Erfahrung, das Wissen und die Perspektiven unserer Mitarbeiter nutzen. Wir hoffen, dass Sie beim Durchsuchen unserer Archive etwas Interessantes finden, und senden Sie uns gerne eine Nachricht mit Vorschl\u00e4gen oder \u00dcberpr\u00fcfungsanfragen. Unser Team ist immer daran interessiert, zusammenzuarbeiten und \u00fcber die neuesten Produkte auf dem Markt zu berichten.<\/p>\n<h3>Das Team<br \/>\nAlex Peris \u2013 Chefredakteur<\/h3>\n<p><img loading=\"lazy\" decoding=\"async\" class=\"alignleft wp-image-13876\" src=\"http:\/\/aptgadget.com\/wp-content\/uploads\/2015\/09\/alex-e1488808948745.jpg\" width=\"80\" height=\"80\">Alex kam zum ersten Mal in die Technologiebranche, nachdem er einen Job in der Mobile-Abteilung von Electronic Arts angenommen hatte. Damals waren Mobilger\u00e4te noch weit von den komplexen Accessoires entfernt, die wir heute alle mit uns herumtragen. \u201eIch denke noch immer erstaunt daran zur\u00fcck, wie wir die Revolution des mobilen Computings aus erster Hand miterlebt haben\u201c, erinnert er sich. \u201eIn nur wenigen Jahren haben wir uns von Klapphandys, auf denen J2ME und BREW liefen, zu iOS und Android entwickelt. Das war wirklich revolution\u00e4r. Pl\u00f6tzlich war Gaming auf einem Smartphone mehr als nur ein nachtr\u00e4glicher Einfall, es wurde zu einem der Herzst\u00fccke eines guten Smartphones.\u201c Dies war nicht nur der Beginn seiner Liebe zur Technologie, sondern auch der erste Schritt hin zu einer Spezialisierung im Bereich Mobilit\u00e4t, die seine Karriere f\u00fcr viele Jahre pr\u00e4gen sollte. Zu den bemerkenswerten Spielen, an denen Alex gearbeitet hat, geh\u00f6ren Madden, FIFA, Tetris, Die Sims, Scrabble, Need for Speed, Die Simpsons und viele andere.<\/p>\n<p>Au\u00dferhalb von AptGadget arbeitet er derzeit bei einem gro\u00dfen IT-Unternehmen, wo er an der Gestaltung, Optimierung und dem Betrieb einiger der bekanntesten Websites im Internet mitwirkt; auch hier liegt der Schwerpunkt auf Mobilit\u00e4t und responsivem Design. \u201eEs ist wirklich faszinierend. In gewisser Weise haben wir gerade die zweite mobile Revolution miterlebt, als mobile Websites zun\u00e4chst v\u00f6llig ignoriert und dann als nachtr\u00e4glicher Einfall betrachtet wurden und nun die h\u00f6chste Priorit\u00e4t f\u00fcr die digitale Pr\u00e4senz von Menschen haben. Immer mehr Websites werden vollst\u00e4ndig responsive und heutzutage gibt es wirklich keine Entschuldigung mehr daf\u00fcr, nicht f\u00fcr die Mobilit\u00e4t zu optimieren\u201c, sinnierte er.<\/p>\n<p>In seiner Freizeit h\u00f6rt er gerne Musik, geht auf Konzerte, spielt Spiele (Video- und Brettspiele), isst gerne Essen, Filme, B\u00fccher, Comics, Scotch, recherchiert Technik und Gadgets, macht Videos und diskutiert \u00fcber Wissenschaft in all ihren verschiedenen Auspr\u00e4gungen. Zu seinen Lieblingsthemen z\u00e4hlen Futurismus, Kosmologie, Astrophysik, Quantenmechanik und Psychologie. Und schlie\u00dflich kann er, wie jeder gute Internetnutzer, auch an einfacheren Dingen Freude finden, wie Fail-Videos, lustigen Tieren oder anderen, die ein verr\u00fccktes Talent zur Schau stellen, bei dem Sie nie auch nur daran gedacht h\u00e4tten, es auszuprobieren.<\/p>\n<h3>Albert Bassili \u2013 Leitender Redakteur<\/h3>\n<p><img loading=\"lazy\" decoding=\"async\" class=\"wp-image-13872 alignleft\" src=\"http:\/\/aptgadget.com\/wp-content\/uploads\/2015\/09\/albert.jpg\" width=\"80\" height=\"80\" srcset=\"https:\/\/aptgadget.com\/wp-content\/uploads\/2015\/09\/albert.jpg 100w, https:\/\/aptgadget.com\/wp-content\/uploads\/2015\/09\/albert-150x150.jpg 150w, https:\/\/aptgadget.com\/wp-content\/uploads\/2015\/09\/albert-300x300.jpg 300w, https:\/\/aptgadget.com\/wp-content\/uploads\/2015\/09\/albert-768x768.jpg 768w, https:\/\/aptgadget.com\/wp-content\/uploads\/2015\/09\/albert-1024x1024.jpg 1024w, https:\/\/aptgadget.com\/wp-content\/uploads\/2015\/09\/albert-765x765.jpg 765w, https:\/\/aptgadget.com\/wp-content\/uploads\/2015\/09\/albert-184x184.jpg 184w\" sizes=\"auto, (max-width: 80px) 100vw, 80px\" \/>Er begann mit einem Studium der Physik und Musik, verlie\u00df die Universit\u00e4t jedoch, um seiner wahren Leidenschaft zu folgen: dem Schreiben und der Technologiebranche, genauer gesagt den Spielen. Seine ersten Versuche als professioneller Autor machte er, indem er einige Artikel auf einer MMO-Gaming-Site ver\u00f6ffentlichte, und er hat es nie bereut. Er hat \u00fcber eine breite Palette von Themen der Technologiebranche geschrieben oder Rezensionen verfasst, von Hardware wie Monitoren und PC-Zubeh\u00f6r bis hin zu Software wie Videospielen.<\/p>\n<p>Das Schreiben von Inhalten ist nicht seine einzige Freude, denn kreatives Schreiben spielt auch in seinem Berufsleben eine gro\u00dfe Rolle. Im Laufe seiner Karriere hatte Albert die gro\u00dfe Freude und Ehre, eine Geschichte zu ver\u00f6ffentlichen und als kreativer Autor an einigen Videospielen mitzuwirken. Dar\u00fcber hinaus war er auch als Designer f\u00fcr Spielmechaniken t\u00e4tig.<\/p>\n<p>Schlie\u00dflich verf\u00fcgt Albert auch \u00fcber umfangreiche Erfahrung als Textredakteur. Ebenso hat er sowohl als Inhaltskurator als auch als Inhaltsdirektor f\u00fcr Videospiel- und Technik-Websites gearbeitet. Als jemand, der f\u00fcr Inhalte verantwortlich ist, die Benutzer ansprechen, arbeitet er immer daran, auf dem neuesten Stand der Technik zu bleiben.<\/p>\n<h3>Deidre Richardson \u2013 Leitende Redakteurin<\/h3>\n<p><img loading=\"lazy\" decoding=\"async\" class=\"wp-image-5067 alignleft\" src=\"http:\/\/aptgadget.com\/wp-content\/uploads\/2015\/09\/e1e42d60771a80c76b5c49676740c1fe-300x300.png\" alt=\"e1e42d60771a80c76b5c49676740c1fe\" width=\"80\" height=\"80\" srcset=\"https:\/\/aptgadget.com\/wp-content\/uploads\/2015\/09\/e1e42d60771a80c76b5c49676740c1fe-300x300.png 300w, https:\/\/aptgadget.com\/wp-content\/uploads\/2015\/09\/e1e42d60771a80c76b5c49676740c1fe-150x150.png 150w, https:\/\/aptgadget.com\/wp-content\/uploads\/2015\/09\/e1e42d60771a80c76b5c49676740c1fe-1024x1024.png 1024w, https:\/\/aptgadget.com\/wp-content\/uploads\/2015\/09\/e1e42d60771a80c76b5c49676740c1fe-765x765.png 765w, https:\/\/aptgadget.com\/wp-content\/uploads\/2015\/09\/e1e42d60771a80c76b5c49676740c1fe.png 138w\" sizes=\"auto, (max-width: 80px) 100vw, 80px\" \/>Deidre Richardson (Doppel-BA, Geschichte und Musik, University of North Carolina in Chapel Hill) ist seit langem Autorin bei AptGadget und stie\u00df etwas sp\u00e4ter im Leben als erwartet auf die Technik. Nachdem sie ihr erstes Smartphone (das Galaxy S3) gekauft hatte, ist der Rest Geschichte. Derzeit schreibt sie f\u00fcr SamMobile, die weltweit gr\u00f6\u00dfte Samsung-Fanseite. Ihre Leidenschaft und ihr Wissen f\u00fcr Smartphones und Mobiltechnologie haben es ihr erm\u00f6glicht, Online-Communitys dabei zu helfen, alles \u00fcber ihre Lieblingsger\u00e4te zu erfahren. Deidres detaillierte Telefonbewertungen sind ein Beweis daf\u00fcr, wie viel Sorgfalt sie in ihre t\u00e4glichen Tests steckt. Eine gro\u00dfartige Quelle f\u00fcr die neuesten Nachrichten und Ger\u00fcchte rund um die neuesten Entwicklungen auf diesem Gebiet.<\/p>\n<p><strong>Unsere Autoren<\/strong><\/p>\n<p><img loading=\"lazy\" decoding=\"async\" class=\"size-full wp-image-13873 alignleft\" src=\"http:\/\/aptgadget.com\/wp-content\/uploads\/2015\/09\/twitter_bk-e1488760376250.jpg\" alt=\"\" width=\"80\" height=\"80\">Aptgadget z\u00e4hlt mittlerweile Dutzende von regelm\u00e4\u00dfigen Autoren, Videoproduzenten und Inhaltserstellern aus der ganzen Welt. Von Kanada aus arbeiten wir nun mit Teams in Nordamerika und Europa zusammen. Wenn Sie glauben, dass Sie das Zeug dazu haben, zu AptGadget beizutragen, senden Sie uns bitte eine E-Mail mit Ihren Inhaltsideen, und auch Sie k\u00f6nnen Teil des Teams werden.[\/wpsm_accordion_section]<\/p>\n<p><strong>Schreiben Sie f\u00fcr uns<\/strong><\/p>\n<p>Derzeit bezahlen wir Autoren pro Artikel. Der Lohn wird von unserem Team basierend auf dem Arbeitsaufwand festgelegt, den wir f\u00fcr die Fertigstellung eines bestimmten Inhalts f\u00fcr notwendig erachten. Derzeit akzeptieren wir nur originelle und einzigartige Inhaltsideen. Hier sind einige Arten von Artikeln und Videos, die uns gefallen:<\/p>\n<ul>\n<li>Tutorials aller Art zum Thema Technik.<\/li>\n<li>Produktbewertungen, die Ihnen geh\u00f6ren, Software und Hardware. Sie m\u00fcssen in der Lage sein, Ihre eigenen qualitativ hochwertigen Bilder und Fotos des Produkts bereitzustellen.<\/li>\n<li>Do-It-Yourself-Anleitungen zum Bauen, Reparieren und Erstellen von praktisch allem f\u00fcr den pers\u00f6nlichen Gebrauch und den Heimgebrauch.<\/li>\n<\/ul>\n<p>Die folgenden Postarten sind in keiner Form zul\u00e4ssig:<\/p>\n<ul>\n<li>Recycelter oder doppelter Inhalt, der bereits anderswo ver\u00f6ffentlicht wurde.<\/li>\n<li>Gastbeitr\u00e4ge zu jeglicher Art von Werbung, Links, Produkten, Verk\u00e4ufen, gef\u00e4lschten Bewertungen.<\/li>\n<li>Wir verkaufen keine Werbegastbeitr\u00e4ge oder \u00e4hnliche Anfragen jeglicher Art.<\/li>\n<\/ul>\n<h3>E-Mail-Adresse:<\/h3>\n<h5><a href=\"mailto:info@aptgadget.com\" target=\"_blank\" rel=\"noopener noreferrer\">info@aptgadget.com<\/a>&nbsp;\u2013 oder nutzen Sie unser <span style=\"color: #0000ff;\"><a style=\"color: #0000ff;\" href=\"https:\/\/aptgadget.com\/de\/contact-us\/\">Kontakt Formular<\/a><\/span>.<\/h5>\n<h3>Sozialen Medien<\/h3>\n<p><a href=\"https:\/\/www.facebook.com\/aptgadget\" target=\"_blank\" rel=\"noopener\"><img loading=\"lazy\" decoding=\"async\" class=\"wp-image-25 alignleft\" src=\"http:\/\/aptgadget.com\/wp-content\/uploads\/2014\/08\/facebook.png\" alt=\"facebook\" width=\"32\" height=\"32\" srcset=\"https:\/\/aptgadget.com\/wp-content\/uploads\/2014\/08\/facebook.png 64w, https:\/\/aptgadget.com\/wp-content\/uploads\/2014\/08\/facebook-50x50.png 50w\" sizes=\"auto, (max-width: 32px) 100vw, 32px\" \/><\/a> <a href=\"https:\/\/twitter.com\/aptgadgetcom\" target=\"_blank\" rel=\"noopener\"><img loading=\"lazy\" decoding=\"async\" class=\"wp-image-30 alignleft\" src=\"http:\/\/aptgadget.com\/wp-content\/uploads\/2014\/08\/twitter.png\" alt=\"twitter\" width=\"32\" height=\"32\" srcset=\"https:\/\/aptgadget.com\/wp-content\/uploads\/2014\/08\/twitter.png 64w, https:\/\/aptgadget.com\/wp-content\/uploads\/2014\/08\/twitter-50x50.png 50w\" sizes=\"auto, (max-width: 32px) 100vw, 32px\" \/><\/a> <a href=\"http:\/\/www.pinterest.com\/aptgadget\/\" target=\"_blank\" rel=\"noopener\"><img loading=\"lazy\" decoding=\"async\" class=\"wp-image-27 alignleft\" src=\"http:\/\/aptgadget.com\/wp-content\/uploads\/2014\/08\/pinterest.png\" alt=\"pinterest\" width=\"32\" height=\"32\" srcset=\"https:\/\/aptgadget.com\/wp-content\/uploads\/2014\/08\/pinterest.png 64w, https:\/\/aptgadget.com\/wp-content\/uploads\/2014\/08\/pinterest-50x50.png 50w\" sizes=\"auto, (max-width: 32px) 100vw, 32px\" \/><\/a> <a href=\"https:\/\/google.com\/+Aptgadget\" target=\"_blank\" rel=\"noopener\"><img loading=\"lazy\" decoding=\"async\" class=\"wp-image-26 alignleft\" src=\"http:\/\/aptgadget.com\/wp-content\/uploads\/2014\/08\/google+.png\" alt=\"google+\" width=\"32\" height=\"32\" srcset=\"https:\/\/aptgadget.com\/wp-content\/uploads\/2014\/08\/google+.png 64w, https:\/\/aptgadget.com\/wp-content\/uploads\/2014\/08\/google+-50x50.png 50w\" sizes=\"auto, (max-width: 32px) 100vw, 32px\" \/><\/a><\/p>","protected":false},"excerpt":{"rendered":"<p>In a globalized world our lives revolve around technology. Internet access has become synonymous with connecting to the world, and without it we would never have the advancements we have today from near-instantaneous sharing of information. Today, we can search for answers to any question, and find answers, faster than we ever imagined possible. That\u2019s &hellip;<\/p>","protected":false},"author":4,"featured_media":0,"parent":0,"menu_order":0,"comment_status":"closed","ping_status":"closed","template":"","meta":{"footnotes":""},"class_list":["post-4271","page","type-page","status-publish","hentry"],"yoast_head":"<!-- This site is optimized with the Yoast SEO Premium plugin v27.1 (Yoast SEO v27.1.1) - https:\/\/yoast.com\/product\/yoast-seo-premium-wordpress\/ -->\n<title>About Us - AptGadget.com<\/title>\n<meta name=\"robots\" content=\"index, follow, max-snippet:-1, max-image-preview:large, max-video-preview:-1\" \/>\n<link rel=\"canonical\" href=\"https:\/\/aptgadget.com\/de\/about\/\" \/>\n<meta property=\"og:locale\" content=\"de_DE\" \/>\n<meta property=\"og:type\" content=\"article\" \/>\n<meta property=\"og:title\" content=\"About Us\" \/>\n<meta property=\"og:description\" content=\"In a globalized world our lives revolve around technology. Internet access has become synonymous with connecting to the world, and without it we would never have the advancements we have today from near-instantaneous sharing of information. Today, we can search for answers to any question, and find answers, faster than we ever imagined possible. That\u2019s &hellip;\" \/>\n<meta property=\"og:url\" content=\"https:\/\/aptgadget.com\/de\/about\/\" \/>\n<meta property=\"og:site_name\" content=\"AptGadget.com\" \/>\n<meta property=\"article:modified_time\" content=\"2020-10-29T14:59:06+00:00\" \/>\n<meta property=\"og:image\" content=\"https:\/\/aptgadget.com\/wp-content\/uploads\/2015\/09\/aptgadget_logo_retina.png\" \/>\n<meta name=\"twitter:label1\" content=\"Gesch\u00e4tzte Lesezeit\" \/>\n\t<meta name=\"twitter:data1\" content=\"6\u00a0Minuten\" \/>\n<script type=\"application\/ld+json\" class=\"yoast-schema-graph\">{\"@context\":\"https:\/\/schema.org\",\"@graph\":[{\"@type\":\"WebPage\",\"@id\":\"https:\/\/aptgadget.com\/about\/\",\"url\":\"https:\/\/aptgadget.com\/about\/\",\"name\":\"About Us - AptGadget.com\",\"isPartOf\":{\"@id\":\"https:\/\/aptgadget.com\/#website\"},\"primaryImageOfPage\":{\"@id\":\"https:\/\/aptgadget.com\/about\/#primaryimage\"},\"image\":{\"@id\":\"https:\/\/aptgadget.com\/about\/#primaryimage\"},\"thumbnailUrl\":\"https:\/\/aptgadget.com\/wp-content\/uploads\/2015\/09\/aptgadget_logo_retina.png\",\"datePublished\":\"2015-09-16T06:23:21+00:00\",\"dateModified\":\"2020-10-29T14:59:06+00:00\",\"breadcrumb\":{\"@id\":\"https:\/\/aptgadget.com\/about\/#breadcrumb\"},\"inLanguage\":\"de\",\"potentialAction\":[{\"@type\":\"ReadAction\",\"target\":[\"https:\/\/aptgadget.com\/about\/\"]}]},{\"@type\":\"ImageObject\",\"inLanguage\":\"de\",\"@id\":\"https:\/\/aptgadget.com\/about\/#primaryimage\",\"url\":\"https:\/\/aptgadget.com\/wp-content\/uploads\/2015\/09\/aptgadget_logo_retina.png\",\"contentUrl\":\"https:\/\/aptgadget.com\/wp-content\/uploads\/2015\/09\/aptgadget_logo_retina.png\"},{\"@type\":\"BreadcrumbList\",\"@id\":\"https:\/\/aptgadget.com\/about\/#breadcrumb\",\"itemListElement\":[{\"@type\":\"ListItem\",\"position\":1,\"name\":\"Home\",\"item\":\"https:\/\/aptgadget.com\/\"},{\"@type\":\"ListItem\",\"position\":2,\"name\":\"About Us\"}]},{\"@type\":\"WebSite\",\"@id\":\"https:\/\/aptgadget.com\/#website\",\"url\":\"https:\/\/aptgadget.com\/\",\"name\":\"AptGadget.com\",\"description\":\"Technology Reviews, Products and News\",\"potentialAction\":[{\"@type\":\"SearchAction\",\"target\":{\"@type\":\"EntryPoint\",\"urlTemplate\":\"https:\/\/aptgadget.com\/?s={search_term_string}\"},\"query-input\":{\"@type\":\"PropertyValueSpecification\",\"valueRequired\":true,\"valueName\":\"search_term_string\"}}],\"inLanguage\":\"de\"}]}<\/script>\n<!-- \/ Yoast SEO Premium plugin. -->","yoast_head_json":{"title":"About Us - AptGadget.com","robots":{"index":"index","follow":"follow","max-snippet":"max-snippet:-1","max-image-preview":"max-image-preview:large","max-video-preview":"max-video-preview:-1"},"canonical":"https:\/\/aptgadget.com\/de\/about\/","og_locale":"de_DE","og_type":"article","og_title":"About Us","og_description":"In a globalized world our lives revolve around technology. Internet access has become synonymous with connecting to the world, and without it we would never have the advancements we have today from near-instantaneous sharing of information. Today, we can search for answers to any question, and find answers, faster than we ever imagined possible. That\u2019s &hellip;","og_url":"https:\/\/aptgadget.com\/de\/about\/","og_site_name":"AptGadget.com","article_modified_time":"2020-10-29T14:59:06+00:00","og_image":[{"url":"https:\/\/aptgadget.com\/wp-content\/uploads\/2015\/09\/aptgadget_logo_retina.png","type":"","width":"","height":""}],"twitter_misc":{"Gesch\u00e4tzte Lesezeit":"6\u00a0Minuten"},"schema":{"@context":"https:\/\/schema.org","@graph":[{"@type":"WebPage","@id":"https:\/\/aptgadget.com\/about\/","url":"https:\/\/aptgadget.com\/about\/","name":"About Us - AptGadget.com","isPartOf":{"@id":"https:\/\/aptgadget.com\/#website"},"primaryImageOfPage":{"@id":"https:\/\/aptgadget.com\/about\/#primaryimage"},"image":{"@id":"https:\/\/aptgadget.com\/about\/#primaryimage"},"thumbnailUrl":"https:\/\/aptgadget.com\/wp-content\/uploads\/2015\/09\/aptgadget_logo_retina.png","datePublished":"2015-09-16T06:23:21+00:00","dateModified":"2020-10-29T14:59:06+00:00","breadcrumb":{"@id":"https:\/\/aptgadget.com\/about\/#breadcrumb"},"inLanguage":"de","potentialAction":[{"@type":"ReadAction","target":["https:\/\/aptgadget.com\/about\/"]}]},{"@type":"ImageObject","inLanguage":"de","@id":"https:\/\/aptgadget.com\/about\/#primaryimage","url":"https:\/\/aptgadget.com\/wp-content\/uploads\/2015\/09\/aptgadget_logo_retina.png","contentUrl":"https:\/\/aptgadget.com\/wp-content\/uploads\/2015\/09\/aptgadget_logo_retina.png"},{"@type":"BreadcrumbList","@id":"https:\/\/aptgadget.com\/about\/#breadcrumb","itemListElement":[{"@type":"ListItem","position":1,"name":"Home","item":"https:\/\/aptgadget.com\/"},{"@type":"ListItem","position":2,"name":"About Us"}]},{"@type":"WebSite","@id":"https:\/\/aptgadget.com\/#website","url":"https:\/\/aptgadget.com\/","name":"AptGadget.com","description":"Technology Reviews, Products and News","potentialAction":[{"@type":"SearchAction","target":{"@type":"EntryPoint","urlTemplate":"https:\/\/aptgadget.com\/?s={search_term_string}"},"query-input":{"@type":"PropertyValueSpecification","valueRequired":true,"valueName":"search_term_string"}}],"inLanguage":"de"}]}},"_links":{"self":[{"href":"https:\/\/aptgadget.com\/de\/wp-json\/wp\/v2\/pages\/4271","targetHints":{"allow":["GET"]}}],"collection":[{"href":"https:\/\/aptgadget.com\/de\/wp-json\/wp\/v2\/pages"}],"about":[{"href":"https:\/\/aptgadget.com\/de\/wp-json\/wp\/v2\/types\/page"}],"author":[{"embeddable":true,"href":"https:\/\/aptgadget.com\/de\/wp-json\/wp\/v2\/users\/4"}],"replies":[{"embeddable":true,"href":"https:\/\/aptgadget.com\/de\/wp-json\/wp\/v2\/comments?post=4271"}],"version-history":[{"count":41,"href":"https:\/\/aptgadget.com\/de\/wp-json\/wp\/v2\/pages\/4271\/revisions"}],"predecessor-version":[{"id":17456,"href":"https:\/\/aptgadget.com\/de\/wp-json\/wp\/v2\/pages\/4271\/revisions\/17456"}],"wp:attachment":[{"href":"https:\/\/aptgadget.com\/de\/wp-json\/wp\/v2\/media?parent=4271"}],"curies":[{"name":"wp","href":"https:\/\/api.w.org\/{rel}","templated":true}]}}