{"id":4271,"date":"2015-09-16T02:23:21","date_gmt":"2015-09-16T06:23:21","guid":{"rendered":"http:\/\/aptgadget.com\/?page_id=4271"},"modified":"2020-10-29T10:59:06","modified_gmt":"2020-10-29T14:59:06","slug":"about","status":"publish","type":"page","link":"https:\/\/aptgadget.com\/es\/about\/","title":{"rendered":"Sobre nosotros"},"content":{"rendered":"<p><img loading=\"lazy\" decoding=\"async\" class=\"aligncenter wp-image-13900\" src=\"https:\/\/aptgadget.com\/wp-content\/uploads\/2015\/09\/aptgadget_logo_retina.png\" width=\"600\" height=\"126\" srcset=\"https:\/\/aptgadget.com\/wp-content\/uploads\/2015\/09\/aptgadget_logo_retina.png 950w, https:\/\/aptgadget.com\/wp-content\/uploads\/2015\/09\/aptgadget_logo_retina-300x63.png 300w, https:\/\/aptgadget.com\/wp-content\/uploads\/2015\/09\/aptgadget_logo_retina-765x161.png 765w, https:\/\/aptgadget.com\/wp-content\/uploads\/2015\/09\/aptgadget_logo_retina-1024x216.png 1024w, https:\/\/aptgadget.com\/wp-content\/uploads\/2015\/09\/aptgadget_logo_retina-244x51.png 244w\" sizes=\"auto, (max-width: 600px) 100vw, 600px\" \/><\/p>\n<p>En un mundo globalizado nuestras vidas giran en torno a la tecnolog\u00eda. El acceso a Internet se ha convertido en sin\u00f3nimo de conexi\u00f3n con el mundo, y sin \u00e9l nunca tendr\u00edamos los avances que tenemos hoy gracias al intercambio casi instant\u00e1neo de informaci\u00f3n. Hoy podemos buscar respuestas a cualquier pregunta, y encontrarlas, m\u00e1s r\u00e1pido de lo que jam\u00e1s hubi\u00e9ramos imaginado.<\/p>\n<p>Ah\u00ed es donde entra AptGadget. AptGadget es una plataforma en la que personas de todo el mundo pueden encontrar informaci\u00f3n, con el objetivo de ofrecer algo a todo el mundo. Ya se trate de juegos, tel\u00e9fonos o incluso electrodom\u00e9sticos, hacemos todo lo posible por estar a la vanguardia de las noticias y rese\u00f1as independientes en lo que a tecnolog\u00eda se refiere. Tenemos una gran variedad de gu\u00edas, tutoriales y rese\u00f1as para ayudar a los usuarios a orientarse en el uso de nuevos equipos y aplicaciones.<\/p>\n<p>Con la velocidad a la que surgen nuevas herramientas y avances, existe una necesidad infinita de creadores de contenidos que compartan sus conocimientos en l\u00ednea. Al combinar personal a tiempo completo con redactores aut\u00f3nomos, podemos aportar constantemente un enfoque nuevo y mantener al mismo tiempo un alto nivel de calidad. Esto nos permite aprovechar las diferentes perspectivas y culturas de nuestros redactores, asegur\u00e1ndonos de que todo lo que publicamos sigue siendo relevante para usted.<\/p>\n<p>Como sitio independiente, nos enorgullecemos de poder ajustarnos y adaptarnos a los tiempos. Podemos aplicar r\u00e1pidamente nuevas ideas. Y lo que es m\u00e1s importante, creemos en nuestra filosof\u00eda: contenidos de alta calidad que abarcan una amplia gama de temas y utilizan la experiencia, los conocimientos y las perspectivas de nuestro personal. Esperamos que encuentre algo interesante mientras navega por nuestros archivos, y no dude en enviarnos una nota con cualquier sugerencia o solicitud de revisi\u00f3n. Nuestro equipo siempre est\u00e1 dispuesto a colaborar y a cubrir los productos m\u00e1s novedosos del mercado.<\/p>\n<h3>El equipo<br \/>\nAlex Peris - Redactor jefe<\/h3>\n<p><img loading=\"lazy\" decoding=\"async\" class=\"alignleft wp-image-13876\" src=\"http:\/\/aptgadget.com\/wp-content\/uploads\/2015\/09\/alex-e1488808948745.jpg\" width=\"80\" height=\"80\">Alex se introdujo por primera vez en la industria tecnol\u00f3gica tras aceptar un trabajo en Electronic Arts, dentro de su divisi\u00f3n Mobile. Por aquel entonces, los dispositivos m\u00f3viles distaban mucho de ser los complejos accesorios que todos llevamos hoy. \"A\u00fan recuerdo con asombro c\u00f3mo fuimos testigos de primera mano de la revoluci\u00f3n de la inform\u00e1tica m\u00f3vil\", recuerda. \"En pocos a\u00f1os pasamos de los tel\u00e9fonos plegables con J2ME y BREW a iOS y Android. Fue realmente revolucionario. De repente, jugar en un smartphone no era algo secundario, sino una de las piezas centrales de un buen tel\u00e9fono inteligente\". Adem\u00e1s de poner en marcha su amor por la tecnolog\u00eda, result\u00f3 ser el primer paso hacia una especializaci\u00f3n en movilidad que dar\u00eda forma a su carrera durante muchos a\u00f1os. Entre los juegos en los que Alex ha trabajado destacan Madden, FIFA, Tetris, Los Sims, Scrabble, Need for Speed, Los Simpson y muchos otros.<\/p>\n<p>M\u00e1s all\u00e1 de AptGadget, actualmente trabaja para una gran empresa de TI ayudando a dise\u00f1ar, optimizar y gestionar algunos de los sitios m\u00e1s conocidos de Internet; una vez m\u00e1s, haciendo hincapi\u00e9 en la movilidad y el dise\u00f1o adaptable. \"Es realmente fascinante. En cierto modo, acabamos de ser testigos de la segunda revoluci\u00f3n m\u00f3vil, ya que los sitios para m\u00f3viles han pasado de ser totalmente ignorados, a ser una idea de \u00faltima hora, a convertirse ahora en la m\u00e1xima prioridad para la presencia digital de alguien. Cada vez m\u00e1s sitios son totalmente responsivos, y hoy en d\u00eda ya no hay excusa para no optimizarlos para la movilidad\", reflexiona.<\/p>\n<p>En su tiempo libre le gusta escuchar m\u00fasica, asistir a conciertos, jugar a videojuegos (tanto de mesa como de v\u00eddeo), la comida, el cine, los libros, los c\u00f3mics, el whisky, investigar sobre tecnolog\u00eda y artilugios, hacer v\u00eddeos y debatir sobre ciencia en sus diversas variantes. Algunos de sus temas favoritos son el futurismo, la cosmolog\u00eda, la astrof\u00edsica, la mec\u00e1nica cu\u00e1ntica y la psicolog\u00eda. Por \u00faltimo, como todo buen internauta, disfruta con los placeres m\u00e1s sencillos, como los v\u00eddeos de fallos, los animales graciosos o cualquiera que demuestre un talento insano que ni siquiera se te haya ocurrido intentar desarrollar.<\/p>\n<h3>Albert Bassili - Redactor Jefe<\/h3>\n<p><img loading=\"lazy\" decoding=\"async\" class=\"wp-image-13872 alignleft\" src=\"http:\/\/aptgadget.com\/wp-content\/uploads\/2015\/09\/albert.jpg\" width=\"80\" height=\"80\" srcset=\"https:\/\/aptgadget.com\/wp-content\/uploads\/2015\/09\/albert.jpg 100w, https:\/\/aptgadget.com\/wp-content\/uploads\/2015\/09\/albert-150x150.jpg 150w, https:\/\/aptgadget.com\/wp-content\/uploads\/2015\/09\/albert-300x300.jpg 300w, https:\/\/aptgadget.com\/wp-content\/uploads\/2015\/09\/albert-768x768.jpg 768w, https:\/\/aptgadget.com\/wp-content\/uploads\/2015\/09\/albert-1024x1024.jpg 1024w, https:\/\/aptgadget.com\/wp-content\/uploads\/2015\/09\/albert-765x765.jpg 765w, https:\/\/aptgadget.com\/wp-content\/uploads\/2015\/09\/albert-184x184.jpg 184w\" sizes=\"auto, (max-width: 80px) 100vw, 80px\" \/>Empez\u00f3 estudiando F\u00edsica y M\u00fasica, pero acab\u00f3 dejando la universidad para seguir su verdadera pasi\u00f3n: la escritura y la industria tecnol\u00f3gica, m\u00e1s concretamente los videojuegos. Su primer contacto con la escritura profesional fue con la publicaci\u00f3n de algunos art\u00edculos en un sitio de juegos MMO, y nunca mir\u00f3 atr\u00e1s. Ha revisado o escrito sobre una amplia gama de temas dentro de la industria tecnol\u00f3gica, desde hardware, como monitores y accesorios para PC, hasta software, como videojuegos.<\/p>\n<p>La redacci\u00f3n de contenidos no es su \u00fanica alegr\u00eda, ya que la escritura creativa desempe\u00f1a un papel importante en su vida profesional. A lo largo de su carrera, Albert ha tenido el gran placer y el honor de tener una historia publicada, adem\u00e1s de trabajar como escritor creativo en algunos videojuegos. No s\u00f3lo eso, sino que tambi\u00e9n ha trabajado como dise\u00f1ador de mec\u00e1nicas de juego.<\/p>\n<p>Por \u00faltimo, Albert tambi\u00e9n ha tenido una gran experiencia como redactor. Asimismo, ha trabajado como curador de contenidos y director de contenidos en sitios web relacionados con videojuegos y tecnolog\u00eda. Como responsable de contenidos que atraen a los usuarios, siempre trabaja para estar al d\u00eda en tecnolog\u00eda.<\/p>\n<h3>Deidre Richardson - Redactora jefe<\/h3>\n<p><img loading=\"lazy\" decoding=\"async\" class=\"wp-image-5067 alignleft\" src=\"http:\/\/aptgadget.com\/wp-content\/uploads\/2015\/09\/e1e42d60771a80c76b5c49676740c1fe-300x300.png\" alt=\"e1e42d60771a80c76b5c49676740c1fe\" width=\"80\" height=\"80\" srcset=\"https:\/\/aptgadget.com\/wp-content\/uploads\/2015\/09\/e1e42d60771a80c76b5c49676740c1fe-300x300.png 300w, https:\/\/aptgadget.com\/wp-content\/uploads\/2015\/09\/e1e42d60771a80c76b5c49676740c1fe-150x150.png 150w, https:\/\/aptgadget.com\/wp-content\/uploads\/2015\/09\/e1e42d60771a80c76b5c49676740c1fe-1024x1024.png 1024w, https:\/\/aptgadget.com\/wp-content\/uploads\/2015\/09\/e1e42d60771a80c76b5c49676740c1fe-765x765.png 765w, https:\/\/aptgadget.com\/wp-content\/uploads\/2015\/09\/e1e42d60771a80c76b5c49676740c1fe.png 138w\" sizes=\"auto, (max-width: 80px) 100vw, 80px\" \/>Colaboradora habitual de AptGadget, Deidre Richardson (licenciada en Historia y M\u00fasica por la Universidad de Carolina del Norte en Chapel Hill) se top\u00f3 con la tecnolog\u00eda un poco m\u00e1s tarde de lo esperado. Tras hacerse con su primer smartphone (el Galaxy S3), el resto es historia. Actualmente escribe para SamMobile, el mayor sitio de fans de Samsung en todo el mundo. Su pasi\u00f3n y sus conocimientos sobre los smartphones y la tecnolog\u00eda m\u00f3vil le han permitido ayudar a las comunidades en l\u00ednea a aprenderlo todo sobre sus dispositivos favoritos.Los detallados an\u00e1lisis de tel\u00e9fonos de D eidre son un testimonio del cuidado que pone en sus pruebas diarias. Una gran fuente de las \u00faltimas noticias y rumores en torno a las novedades del sector.<\/p>\n<p><strong>Nuestros escritores<\/strong><\/p>\n<p><img loading=\"lazy\" decoding=\"async\" class=\"size-full wp-image-13873 alignleft\" src=\"http:\/\/aptgadget.com\/wp-content\/uploads\/2015\/09\/twitter_bk-e1488760376250.jpg\" alt=\"\" width=\"80\" height=\"80\">Aptgadget cuenta ahora con docenas de escritores, productores de v\u00eddeo y creadores de contenidos habituales de todo el mundo. Con sede en Canad\u00e1, ahora colaboramos con equipos de Norteam\u00e9rica y Europa. Si crees que tienes lo que se necesita para contribuir a AptGadget, env\u00edanos un correo electr\u00f3nico con tus ideas de contenido, y t\u00fa tambi\u00e9n podr\u00e1s formar parte del equipo[\/wpsm_accordion_section].<\/p>\n<p><strong>Escribe para nosotros<\/strong><\/p>\n<p>Actualmente pagamos a los escritores por art\u00edculo. La tarifa la decide nuestro equipo en funci\u00f3n de la cantidad de trabajo que consideremos necesaria para completar dicho contenido. En este momento, s\u00f3lo aceptamos ideas de contenido originales y \u00fanicas. Estos son algunos tipos de art\u00edculos y v\u00eddeos que nos gustan:<\/p>\n<ul>\n<li>Tutoriales de cualquier tipo relacionados con la tecnolog\u00eda.<\/li>\n<li>Rese\u00f1as de productos de su propiedad, software y hardware. Debe ser capaz de proporcionar sus propias im\u00e1genes de alta calidad y fotos del producto.<\/li>\n<li>Gu\u00edas de bricolaje para construir, reparar o crear casi cualquier cosa para uso personal y dom\u00e9stico.<\/li>\n<\/ul>\n<p>No aceptamos ninguna forma de los siguientes tipos de mensajes:<\/p>\n<ul>\n<li>Contenido reciclado o duplicado ya publicado en otro lugar.<\/li>\n<li>Guest posts relativos a cualquier tipo de promoci\u00f3n, enlaces, productos, ventas, rese\u00f1as falsas.<\/li>\n<li>No vendemos art\u00edculos promocionales de invitados ni ning\u00fan tipo de solicitud relacionada.<\/li>\n<\/ul>\n<h3>Direcci\u00f3n de correo electr\u00f3nico:<\/h3>\n<h5><a href=\"mailto:info@aptgadget.com\" target=\"_blank\" rel=\"noopener noreferrer\">info@aptgadget.com<\/a>&nbsp;- o puede utilizar nuestro <span style=\"color: #0000ff;\"><a style=\"color: #0000ff;\" href=\"https:\/\/aptgadget.com\/es\/contact-us\/\">formulario de contacto<\/a><\/span>.<\/h5>\n<h3>Redes sociales<\/h3>\n<p><a href=\"https:\/\/www.facebook.com\/aptgadget\" target=\"_blank\" rel=\"noopener\"><img loading=\"lazy\" decoding=\"async\" class=\"wp-image-25 alignleft\" src=\"http:\/\/aptgadget.com\/wp-content\/uploads\/2014\/08\/facebook.png\" alt=\"facebook\" width=\"32\" height=\"32\" srcset=\"https:\/\/aptgadget.com\/wp-content\/uploads\/2014\/08\/facebook.png 64w, https:\/\/aptgadget.com\/wp-content\/uploads\/2014\/08\/facebook-50x50.png 50w\" sizes=\"auto, (max-width: 32px) 100vw, 32px\" \/><\/a> <a href=\"https:\/\/twitter.com\/aptgadgetcom\" target=\"_blank\" rel=\"noopener\"><img loading=\"lazy\" decoding=\"async\" class=\"wp-image-30 alignleft\" src=\"http:\/\/aptgadget.com\/wp-content\/uploads\/2014\/08\/twitter.png\" alt=\"twitter\" width=\"32\" height=\"32\" srcset=\"https:\/\/aptgadget.com\/wp-content\/uploads\/2014\/08\/twitter.png 64w, https:\/\/aptgadget.com\/wp-content\/uploads\/2014\/08\/twitter-50x50.png 50w\" sizes=\"auto, (max-width: 32px) 100vw, 32px\" \/><\/a> <a href=\"http:\/\/www.pinterest.com\/aptgadget\/\" target=\"_blank\" rel=\"noopener\"><img loading=\"lazy\" decoding=\"async\" class=\"wp-image-27 alignleft\" src=\"http:\/\/aptgadget.com\/wp-content\/uploads\/2014\/08\/pinterest.png\" alt=\"pinterest\" width=\"32\" height=\"32\" srcset=\"https:\/\/aptgadget.com\/wp-content\/uploads\/2014\/08\/pinterest.png 64w, https:\/\/aptgadget.com\/wp-content\/uploads\/2014\/08\/pinterest-50x50.png 50w\" sizes=\"auto, (max-width: 32px) 100vw, 32px\" \/><\/a> <a href=\"https:\/\/google.com\/+Aptgadget\" target=\"_blank\" rel=\"noopener\"><img loading=\"lazy\" decoding=\"async\" class=\"wp-image-26 alignleft\" src=\"http:\/\/aptgadget.com\/wp-content\/uploads\/2014\/08\/google+.png\" alt=\"google+\" width=\"32\" height=\"32\" srcset=\"https:\/\/aptgadget.com\/wp-content\/uploads\/2014\/08\/google+.png 64w, https:\/\/aptgadget.com\/wp-content\/uploads\/2014\/08\/google+-50x50.png 50w\" sizes=\"auto, (max-width: 32px) 100vw, 32px\" \/><\/a><\/p>","protected":false},"excerpt":{"rendered":"<p>In a globalized world our lives revolve around technology. Internet access has become synonymous with connecting to the world, and without it we would never have the advancements we have today from near-instantaneous sharing of information. Today, we can search for answers to any question, and find answers, faster than we ever imagined possible. That\u2019s &hellip;<\/p>","protected":false},"author":4,"featured_media":0,"parent":0,"menu_order":0,"comment_status":"closed","ping_status":"closed","template":"","meta":{"footnotes":""},"class_list":["post-4271","page","type-page","status-publish","hentry"],"yoast_head":"<!-- This site is optimized with the Yoast SEO Premium plugin v27.1 (Yoast SEO v27.1.1) - https:\/\/yoast.com\/product\/yoast-seo-premium-wordpress\/ -->\n<title>About Us - AptGadget.com<\/title>\n<meta name=\"robots\" content=\"index, follow, max-snippet:-1, max-image-preview:large, max-video-preview:-1\" \/>\n<link rel=\"canonical\" href=\"https:\/\/aptgadget.com\/es\/about\/\" \/>\n<meta property=\"og:locale\" content=\"es_ES\" \/>\n<meta property=\"og:type\" content=\"article\" \/>\n<meta property=\"og:title\" content=\"About Us\" \/>\n<meta property=\"og:description\" content=\"In a globalized world our lives revolve around technology. Internet access has become synonymous with connecting to the world, and without it we would never have the advancements we have today from near-instantaneous sharing of information. Today, we can search for answers to any question, and find answers, faster than we ever imagined possible. That\u2019s &hellip;\" \/>\n<meta property=\"og:url\" content=\"https:\/\/aptgadget.com\/es\/about\/\" \/>\n<meta property=\"og:site_name\" content=\"AptGadget.com\" \/>\n<meta property=\"article:modified_time\" content=\"2020-10-29T14:59:06+00:00\" \/>\n<meta property=\"og:image\" content=\"https:\/\/aptgadget.com\/wp-content\/uploads\/2015\/09\/aptgadget_logo_retina.png\" \/>\n<meta name=\"twitter:label1\" content=\"Tiempo de lectura\" \/>\n\t<meta name=\"twitter:data1\" content=\"6 minutos\" \/>\n<script type=\"application\/ld+json\" class=\"yoast-schema-graph\">{\"@context\":\"https:\/\/schema.org\",\"@graph\":[{\"@type\":\"WebPage\",\"@id\":\"https:\/\/aptgadget.com\/about\/\",\"url\":\"https:\/\/aptgadget.com\/about\/\",\"name\":\"About Us - AptGadget.com\",\"isPartOf\":{\"@id\":\"https:\/\/aptgadget.com\/#website\"},\"primaryImageOfPage\":{\"@id\":\"https:\/\/aptgadget.com\/about\/#primaryimage\"},\"image\":{\"@id\":\"https:\/\/aptgadget.com\/about\/#primaryimage\"},\"thumbnailUrl\":\"https:\/\/aptgadget.com\/wp-content\/uploads\/2015\/09\/aptgadget_logo_retina.png\",\"datePublished\":\"2015-09-16T06:23:21+00:00\",\"dateModified\":\"2020-10-29T14:59:06+00:00\",\"breadcrumb\":{\"@id\":\"https:\/\/aptgadget.com\/about\/#breadcrumb\"},\"inLanguage\":\"es\",\"potentialAction\":[{\"@type\":\"ReadAction\",\"target\":[\"https:\/\/aptgadget.com\/about\/\"]}]},{\"@type\":\"ImageObject\",\"inLanguage\":\"es\",\"@id\":\"https:\/\/aptgadget.com\/about\/#primaryimage\",\"url\":\"https:\/\/aptgadget.com\/wp-content\/uploads\/2015\/09\/aptgadget_logo_retina.png\",\"contentUrl\":\"https:\/\/aptgadget.com\/wp-content\/uploads\/2015\/09\/aptgadget_logo_retina.png\"},{\"@type\":\"BreadcrumbList\",\"@id\":\"https:\/\/aptgadget.com\/about\/#breadcrumb\",\"itemListElement\":[{\"@type\":\"ListItem\",\"position\":1,\"name\":\"Home\",\"item\":\"https:\/\/aptgadget.com\/\"},{\"@type\":\"ListItem\",\"position\":2,\"name\":\"About Us\"}]},{\"@type\":\"WebSite\",\"@id\":\"https:\/\/aptgadget.com\/#website\",\"url\":\"https:\/\/aptgadget.com\/\",\"name\":\"AptGadget.com\",\"description\":\"Technology Reviews, Products and News\",\"potentialAction\":[{\"@type\":\"SearchAction\",\"target\":{\"@type\":\"EntryPoint\",\"urlTemplate\":\"https:\/\/aptgadget.com\/?s={search_term_string}\"},\"query-input\":{\"@type\":\"PropertyValueSpecification\",\"valueRequired\":true,\"valueName\":\"search_term_string\"}}],\"inLanguage\":\"es\"}]}<\/script>\n<!-- \/ Yoast SEO Premium plugin. -->","yoast_head_json":{"title":"About Us - AptGadget.com","robots":{"index":"index","follow":"follow","max-snippet":"max-snippet:-1","max-image-preview":"max-image-preview:large","max-video-preview":"max-video-preview:-1"},"canonical":"https:\/\/aptgadget.com\/es\/about\/","og_locale":"es_ES","og_type":"article","og_title":"About Us","og_description":"In a globalized world our lives revolve around technology. Internet access has become synonymous with connecting to the world, and without it we would never have the advancements we have today from near-instantaneous sharing of information. Today, we can search for answers to any question, and find answers, faster than we ever imagined possible. That\u2019s &hellip;","og_url":"https:\/\/aptgadget.com\/es\/about\/","og_site_name":"AptGadget.com","article_modified_time":"2020-10-29T14:59:06+00:00","og_image":[{"url":"https:\/\/aptgadget.com\/wp-content\/uploads\/2015\/09\/aptgadget_logo_retina.png","type":"","width":"","height":""}],"twitter_misc":{"Tiempo de lectura":"6 minutos"},"schema":{"@context":"https:\/\/schema.org","@graph":[{"@type":"WebPage","@id":"https:\/\/aptgadget.com\/about\/","url":"https:\/\/aptgadget.com\/about\/","name":"About Us - AptGadget.com","isPartOf":{"@id":"https:\/\/aptgadget.com\/#website"},"primaryImageOfPage":{"@id":"https:\/\/aptgadget.com\/about\/#primaryimage"},"image":{"@id":"https:\/\/aptgadget.com\/about\/#primaryimage"},"thumbnailUrl":"https:\/\/aptgadget.com\/wp-content\/uploads\/2015\/09\/aptgadget_logo_retina.png","datePublished":"2015-09-16T06:23:21+00:00","dateModified":"2020-10-29T14:59:06+00:00","breadcrumb":{"@id":"https:\/\/aptgadget.com\/about\/#breadcrumb"},"inLanguage":"es","potentialAction":[{"@type":"ReadAction","target":["https:\/\/aptgadget.com\/about\/"]}]},{"@type":"ImageObject","inLanguage":"es","@id":"https:\/\/aptgadget.com\/about\/#primaryimage","url":"https:\/\/aptgadget.com\/wp-content\/uploads\/2015\/09\/aptgadget_logo_retina.png","contentUrl":"https:\/\/aptgadget.com\/wp-content\/uploads\/2015\/09\/aptgadget_logo_retina.png"},{"@type":"BreadcrumbList","@id":"https:\/\/aptgadget.com\/about\/#breadcrumb","itemListElement":[{"@type":"ListItem","position":1,"name":"Home","item":"https:\/\/aptgadget.com\/"},{"@type":"ListItem","position":2,"name":"About Us"}]},{"@type":"WebSite","@id":"https:\/\/aptgadget.com\/#website","url":"https:\/\/aptgadget.com\/","name":"AptGadget.com","description":"Technology Reviews, Products and News","potentialAction":[{"@type":"SearchAction","target":{"@type":"EntryPoint","urlTemplate":"https:\/\/aptgadget.com\/?s={search_term_string}"},"query-input":{"@type":"PropertyValueSpecification","valueRequired":true,"valueName":"search_term_string"}}],"inLanguage":"es"}]}},"_links":{"self":[{"href":"https:\/\/aptgadget.com\/es\/wp-json\/wp\/v2\/pages\/4271","targetHints":{"allow":["GET"]}}],"collection":[{"href":"https:\/\/aptgadget.com\/es\/wp-json\/wp\/v2\/pages"}],"about":[{"href":"https:\/\/aptgadget.com\/es\/wp-json\/wp\/v2\/types\/page"}],"author":[{"embeddable":true,"href":"https:\/\/aptgadget.com\/es\/wp-json\/wp\/v2\/users\/4"}],"replies":[{"embeddable":true,"href":"https:\/\/aptgadget.com\/es\/wp-json\/wp\/v2\/comments?post=4271"}],"version-history":[{"count":41,"href":"https:\/\/aptgadget.com\/es\/wp-json\/wp\/v2\/pages\/4271\/revisions"}],"predecessor-version":[{"id":17456,"href":"https:\/\/aptgadget.com\/es\/wp-json\/wp\/v2\/pages\/4271\/revisions\/17456"}],"wp:attachment":[{"href":"https:\/\/aptgadget.com\/es\/wp-json\/wp\/v2\/media?parent=4271"}],"curies":[{"name":"wp","href":"https:\/\/api.w.org\/{rel}","templated":true}]}}