{"id":2413,"date":"2015-05-30T07:24:51","date_gmt":"2015-05-30T11:24:51","guid":{"rendered":"http:\/\/aptgadget.com\/?page_id=2413"},"modified":"2017-03-05T17:36:48","modified_gmt":"2017-03-05T22:36:48","slug":"privacy-policy","status":"publish","type":"page","link":"https:\/\/aptgadget.com\/fr\/privacy-policy\/","title":{"rendered":"politique de confidentialit\u00e9"},"content":{"rendered":"<p>Cette politique de confidentialit\u00e9 d\u00e9crit la mani\u00e8re dont AptGadget,com peut collecter et utiliser les informations collect\u00e9es aupr\u00e8s des utilisateurs enregistr\u00e9s\/non enregistr\u00e9s de\u00a0<a href=\"http:\/\/aptgadget.com\/fr\/\">http:\/\/aptgadget.com<\/a>. Notre politique de confidentialit\u00e9 s&#039;applique \u00e0 la fois aux visiteurs du site, ainsi qu&#039;aux contributeurs enregistr\u00e9s des membres de la liste de diffusion.<br \/>\n<strong>Informations d&#039;identification personnelle<\/strong><\/p>\n<p>Certaines informations d&#039;identification personnelle peuvent \u00eatre demand\u00e9es aux membres, y compris, mais sans s&#039;y limiter, lorsque les utilisateurs visitent notre site, s&#039;inscrivent, contribuent, s&#039;abonnent \u00e0 la newsletter et dans toute autre forme d&#039;utilisation de tout contenu mis \u00e0 disposition sur le site Web. Souvent limit\u00e9s au nom et \u00e0 l&#039;adresse e-mail valide, certains concours ou cadeaux peuvent n\u00e9cessiter des adresses physiques confirm\u00e9es. Les utilisateurs se r\u00e9servent le droit de naviguer de mani\u00e8re anonyme. Les informations d\u2019identification personnelle ne seront collect\u00e9es que volontairement par l\u2019utilisateur directement aupr\u00e8s de nous. Les utilisateurs se r\u00e9servent le droit de refuser de participer \u00e0 tout service n\u00e9cessitant des informations personnelles.<\/p>\n<p><strong>Informations d&#039;identification non personnelles<\/strong><\/p>\n<p>Nous pouvons collecter des informations d&#039;identification non personnelles sur les utilisateurs visitant notre site. Les informations d&#039;identification non personnelles peuvent inclure le nom du navigateur, l&#039;ordinateur, les logiciels tels que votre syst\u00e8me d&#039;exploitation et l&#039;adresse IP attribu\u00e9e par le fournisseur de services Internet, ainsi que des informations similaires.<\/p>\n<p><strong>Cookies du navigateur Internet<\/strong><\/p>\n<p>AptGadget.com utilise des \u00ab cookies \u00bb pour am\u00e9liorer l&#039;exp\u00e9rience utilisateur. Le logiciel de navigation enregistre les cookies sur le disque dur de l&#039;utilisateur \u00e0 des fins de tenue de registres et de suivi. La d\u00e9sactivation compl\u00e8te des cookies peut emp\u00eacher le fonctionnement de divers plug-ins ou services propos\u00e9s sur le site.<\/p>\n<p><strong>Comment nous utilisons les informations collect\u00e9es<\/strong><\/p>\n<p>AptGadget peut collecter et utiliser les informations personnelles des utilisateurs aux fins suivantes\u00a0:<\/p>\n<ul>\n<li><em>\u2013 Pour personnaliser l\u2019exp\u00e9rience utilisateur<\/em><br \/>\nNous pouvons utiliser les informations globalement pour comprendre comment nos utilisateurs, en tant que groupe, utilisent les services et les ressources fournis sur notre site.<\/li>\n<li><em>\u2013 Pour am\u00e9liorer notre Site<\/em><br \/>\nNous pouvons utiliser les commentaires que vous fournissez pour am\u00e9liorer nos produits et services.<\/li>\n<li><em>\u2013 Pour organiser une promotion, un concours, une enqu\u00eate ou une autre fonctionnalit\u00e9 du site<\/em><br \/>\nPour envoyer aux utilisateurs les informations qu&#039;ils ont accept\u00e9 de recevoir sur des sujets qui, selon nous, pourraient les int\u00e9resser.<\/li>\n<li><em>\u2013 Pour envoyer des emails p\u00e9riodiques<\/em><br \/>\nNous pouvons utiliser l\u2019adresse e-mail pour r\u00e9pondre \u00e0 leurs demandes de renseignements, questions et\/ou autres demandes. Si l&#039;utilisateur d\u00e9cide de s&#039;inscrire \u00e0 notre liste de diffusion, il recevra des e-mails pouvant inclure des actualit\u00e9s de l&#039;entreprise, des mises \u00e0 jour, des informations sur les produits ou services associ\u00e9s, etc. Si \u00e0 tout moment l&#039;utilisateur souhaite se d\u00e9sabonner de la r\u00e9ception de futurs e-mails, nous incluons des informations d\u00e9taill\u00e9es. instructions de d\u00e9sabonnement au bas de chaque e-mail ou l&#039;utilisateur peut nous contacter via notre site.<\/li>\n<\/ul>\n<p><strong>Comment nous prot\u00e9geons vos informations<\/strong><\/p>\n<p>Nous adoptons des pratiques appropri\u00e9es de collecte, de stockage et de traitement des donn\u00e9es ainsi que des mesures de s\u00e9curit\u00e9 pour vous prot\u00e9ger contre l&#039;acc\u00e8s non autoris\u00e9, la modification, la divulgation ou la destruction de vos informations personnelles, nom d&#039;utilisateur, mot de passe, informations de transaction et donn\u00e9es stock\u00e9es sur notre site.<\/p>\n<p><strong>Partager vos informations personnelles<\/strong><\/p>\n<p>Nous ne vendons, n\u2019\u00e9changeons ni ne louons les informations d\u2019identification personnelle des utilisateurs \u00e0 des tiers. Nous pouvons partager des informations d\u00e9mographiques g\u00e9n\u00e9riques agr\u00e9g\u00e9es non li\u00e9es \u00e0 des informations d&#039;identification personnelle concernant les visiteurs et les utilisateurs avec nos partenaires commerciaux, nos soci\u00e9t\u00e9s affili\u00e9es de confiance et nos annonceurs aux fins d\u00e9crites ci-dessus. Nous pouvons faire appel \u00e0 des prestataires de services tiers pour nous aider \u00e0 exploiter notre entreprise et le Site ou \u00e0 administrer des activit\u00e9s en notre nom, telles que l&#039;envoi de newsletters ou d&#039;enqu\u00eates. Nous pouvons partager vos informations avec ces tiers \u00e0 ces fins limit\u00e9es, \u00e0 condition que vous nous ayez donn\u00e9 votre autorisation.<\/p>\n<p><strong>Sites Web tiers<\/strong><\/p>\n<p>Les utilisateurs peuvent trouver de la publicit\u00e9 ou d&#039;autres contenus sur notre site qui renvoient vers les sites et services de nos partenaires, fournisseurs, annonceurs, sponsors, conc\u00e9dants de licence et autres tiers. Nous ne contr\u00f4lons pas le contenu ou les liens qui apparaissent sur ces sites et ne sommes pas responsables des pratiques employ\u00e9es par les sites Web li\u00e9s \u00e0 ou depuis notre Site. De plus, ces sites ou services, y compris leur contenu et leurs liens, peuvent \u00e9voluer en permanence. Ces sites et services peuvent avoir leurs propres politiques de confidentialit\u00e9 et politiques de service client. La navigation et l&#039;interaction sur tout autre site Web, y compris les sites Web ayant un lien vers notre Site, sont soumises aux conditions et politiques de ce site Web.<\/p>\n<p><strong>Publicit\u00e9<\/strong><\/p>\n<p>Les publicit\u00e9s apparaissant sur notre site peuvent \u00eatre diffus\u00e9es aux utilisateurs par des partenaires publicitaires, qui peuvent d\u00e9finir des cookies. Ces cookies permettent au serveur publicitaire de reconna\u00eetre votre ordinateur chaque fois qu&#039;il vous envoie une publicit\u00e9 en ligne afin de compiler des informations d&#039;identification non personnelles sur vous ou sur les autres utilisateurs de votre ordinateur. Ces informations permettent aux r\u00e9seaux publicitaires, entre autres choses, de diffuser des publicit\u00e9s cibl\u00e9es qui, selon eux, vous int\u00e9resseront le plus. Cette politique de confidentialit\u00e9 ne couvre pas l&#039;utilisation de cookies par les annonceurs.<\/p>\n<p><strong>Google adsense<\/strong><\/p>\n<p>Lors de la visite de ce site Web, des informations sont partag\u00e9es avec Google via des publicit\u00e9s affich\u00e9es sur AptGadget. Pour plus d&#039;informations, visitez: <a href=\"https:\/\/www.google.com\/policies\/privacy\/partners\/\" target=\"_blank\" rel=\"noopener\">Comment Google utilise les donn\u00e9es lorsque vous utilisez les sites ou applications de nos partenaires<\/a>.<\/p>\n<p>Certaines annonces peuvent \u00eatre diffus\u00e9es par Google. L&#039;utilisation par Google du cookie DART lui permet de diffuser des annonces aux utilisateurs en fonction de leur visite sur notre site et d&#039;autres sites sur Internet. DART utilise des \u00ab\u00a0informations non personnellement identifiables\u00a0\u00bb et ne suit PAS les informations personnelles vous concernant, telles que votre nom, votre adresse e-mail, votre adresse physique, etc. Vous pouvez refuser l&#039;utilisation du cookie DART en visitant la confidentialit\u00e9 des publicit\u00e9s et du r\u00e9seau de contenu Google. politique \u00e0\u00a0<a href=\"http:\/\/www.google.com\/privacy_ads.html\" target=\"_blank\" rel=\"noopener\">http:\/\/www.google.com\/privacy_ads.html<\/a><\/p>\n<p><strong>Modifications de cette politique de confidentialit\u00e9<\/strong><\/p>\n<p>AptGadget a le pouvoir discr\u00e9tionnaire de mettre \u00e0 jour cette politique de confidentialit\u00e9 \u00e0 tout moment. Lorsque nous le ferons, nous r\u00e9viserons la date mise \u00e0 jour au bas de cette page et vous enverrons un e-mail. Nous encourageons les utilisateurs \u00e0 consulter fr\u00e9quemment cette page pour tout changement afin de rester inform\u00e9s de la mani\u00e8re dont nous contribuons \u00e0 prot\u00e9ger les informations personnelles que nous collectons. Vous reconnaissez et acceptez qu&#039;il est de votre responsabilit\u00e9 de consulter p\u00e9riodiquement cette politique de confidentialit\u00e9 et de prendre connaissance des modifications.<\/p>\n<p><strong>Votre acceptation de ces conditions<\/strong><\/p>\n<p>En utilisant ce site, vous signifiez votre acceptation de cette politique. Si vous n&#039;acceptez pas cette politique, veuillez ne pas utiliser notre site. Votre utilisation continue du site apr\u00e8s la publication des modifications apport\u00e9es \u00e0 cette politique sera consid\u00e9r\u00e9e comme votre acceptation de ces modifications.<\/p>\n<p><strong>Nous contacter<\/strong><\/p>\n<p>Si vous avez des questions concernant cette politique de confidentialit\u00e9, les pratiques de ce site ou vos relations avec ce site, veuillez nous contacter \u00e0 :<br \/>\ninfo@aptgadget.com<\/p>\n<p>Ce document a \u00e9t\u00e9 mis \u00e0 jour pour la derni\u00e8re fois le 05 mars 2017<\/p>","protected":false},"excerpt":{"rendered":"<p>This Privacy Policy outlines in which manner AptGadget,com may collect and utilize information collected from registered\/non-registered Users of\u00a0http:\/\/aptgadget.com. Our privacy policy applies to both visitors of the site, as well as registered contributors of mailing list members. Personal identification information Some personal identification information may be requested from members, including, but not limited to, when &hellip;<\/p>","protected":false},"author":1,"featured_media":0,"parent":0,"menu_order":0,"comment_status":"open","ping_status":"open","template":"","meta":{"footnotes":""},"class_list":["post-2413","page","type-page","status-publish","hentry"],"yoast_head":"<!-- This site is optimized with the Yoast SEO Premium plugin v27.1 (Yoast SEO v27.1.1) - https:\/\/yoast.com\/product\/yoast-seo-premium-wordpress\/ -->\n<title>Privacy Policy - AptGadget.com<\/title>\n<meta name=\"robots\" content=\"index, follow, max-snippet:-1, max-image-preview:large, max-video-preview:-1\" \/>\n<link rel=\"canonical\" href=\"https:\/\/aptgadget.com\/fr\/privacy-policy\/\" \/>\n<meta property=\"og:locale\" content=\"fr_FR\" \/>\n<meta property=\"og:type\" content=\"article\" \/>\n<meta property=\"og:title\" content=\"Privacy Policy\" \/>\n<meta property=\"og:description\" content=\"This Privacy Policy outlines in which manner AptGadget,com may collect and utilize information collected from registered\/non-registered Users of\u00a0http:\/\/aptgadget.com. Our privacy policy applies to both visitors of the site, as well as registered contributors of mailing list members. Personal identification information Some personal identification information may be requested from members, including, but not limited to, when &hellip;\" \/>\n<meta property=\"og:url\" content=\"https:\/\/aptgadget.com\/fr\/privacy-policy\/\" \/>\n<meta property=\"og:site_name\" content=\"AptGadget.com\" \/>\n<meta property=\"article:modified_time\" content=\"2017-03-05T22:36:48+00:00\" \/>\n<meta name=\"twitter:label1\" content=\"Dur\u00e9e de lecture estim\u00e9e\" \/>\n\t<meta name=\"twitter:data1\" content=\"5 minutes\" \/>\n<script type=\"application\/ld+json\" class=\"yoast-schema-graph\">{\"@context\":\"https:\/\/schema.org\",\"@graph\":[{\"@type\":\"WebPage\",\"@id\":\"https:\/\/aptgadget.com\/privacy-policy\/\",\"url\":\"https:\/\/aptgadget.com\/privacy-policy\/\",\"name\":\"Privacy Policy - AptGadget.com\",\"isPartOf\":{\"@id\":\"https:\/\/aptgadget.com\/#website\"},\"datePublished\":\"2015-05-30T11:24:51+00:00\",\"dateModified\":\"2017-03-05T22:36:48+00:00\",\"breadcrumb\":{\"@id\":\"https:\/\/aptgadget.com\/privacy-policy\/#breadcrumb\"},\"inLanguage\":\"fr-FR\",\"potentialAction\":[{\"@type\":\"ReadAction\",\"target\":[\"https:\/\/aptgadget.com\/privacy-policy\/\"]}]},{\"@type\":\"BreadcrumbList\",\"@id\":\"https:\/\/aptgadget.com\/privacy-policy\/#breadcrumb\",\"itemListElement\":[{\"@type\":\"ListItem\",\"position\":1,\"name\":\"Home\",\"item\":\"https:\/\/aptgadget.com\/\"},{\"@type\":\"ListItem\",\"position\":2,\"name\":\"Privacy Policy\"}]},{\"@type\":\"WebSite\",\"@id\":\"https:\/\/aptgadget.com\/#website\",\"url\":\"https:\/\/aptgadget.com\/\",\"name\":\"AptGadget.com\",\"description\":\"Technology Reviews, Products and News\",\"potentialAction\":[{\"@type\":\"SearchAction\",\"target\":{\"@type\":\"EntryPoint\",\"urlTemplate\":\"https:\/\/aptgadget.com\/?s={search_term_string}\"},\"query-input\":{\"@type\":\"PropertyValueSpecification\",\"valueRequired\":true,\"valueName\":\"search_term_string\"}}],\"inLanguage\":\"fr-FR\"}]}<\/script>\n<!-- \/ Yoast SEO Premium plugin. -->","yoast_head_json":{"title":"Privacy Policy - AptGadget.com","robots":{"index":"index","follow":"follow","max-snippet":"max-snippet:-1","max-image-preview":"max-image-preview:large","max-video-preview":"max-video-preview:-1"},"canonical":"https:\/\/aptgadget.com\/fr\/privacy-policy\/","og_locale":"fr_FR","og_type":"article","og_title":"Privacy Policy","og_description":"This Privacy Policy outlines in which manner AptGadget,com may collect and utilize information collected from registered\/non-registered Users of\u00a0http:\/\/aptgadget.com. Our privacy policy applies to both visitors of the site, as well as registered contributors of mailing list members. Personal identification information Some personal identification information may be requested from members, including, but not limited to, when &hellip;","og_url":"https:\/\/aptgadget.com\/fr\/privacy-policy\/","og_site_name":"AptGadget.com","article_modified_time":"2017-03-05T22:36:48+00:00","twitter_misc":{"Dur\u00e9e de lecture estim\u00e9e":"5 minutes"},"schema":{"@context":"https:\/\/schema.org","@graph":[{"@type":"WebPage","@id":"https:\/\/aptgadget.com\/privacy-policy\/","url":"https:\/\/aptgadget.com\/privacy-policy\/","name":"Privacy Policy - AptGadget.com","isPartOf":{"@id":"https:\/\/aptgadget.com\/#website"},"datePublished":"2015-05-30T11:24:51+00:00","dateModified":"2017-03-05T22:36:48+00:00","breadcrumb":{"@id":"https:\/\/aptgadget.com\/privacy-policy\/#breadcrumb"},"inLanguage":"fr-FR","potentialAction":[{"@type":"ReadAction","target":["https:\/\/aptgadget.com\/privacy-policy\/"]}]},{"@type":"BreadcrumbList","@id":"https:\/\/aptgadget.com\/privacy-policy\/#breadcrumb","itemListElement":[{"@type":"ListItem","position":1,"name":"Home","item":"https:\/\/aptgadget.com\/"},{"@type":"ListItem","position":2,"name":"Privacy Policy"}]},{"@type":"WebSite","@id":"https:\/\/aptgadget.com\/#website","url":"https:\/\/aptgadget.com\/","name":"AptGadget.com","description":"Technology Reviews, Products and News","potentialAction":[{"@type":"SearchAction","target":{"@type":"EntryPoint","urlTemplate":"https:\/\/aptgadget.com\/?s={search_term_string}"},"query-input":{"@type":"PropertyValueSpecification","valueRequired":true,"valueName":"search_term_string"}}],"inLanguage":"fr-FR"}]}},"_links":{"self":[{"href":"https:\/\/aptgadget.com\/fr\/wp-json\/wp\/v2\/pages\/2413","targetHints":{"allow":["GET"]}}],"collection":[{"href":"https:\/\/aptgadget.com\/fr\/wp-json\/wp\/v2\/pages"}],"about":[{"href":"https:\/\/aptgadget.com\/fr\/wp-json\/wp\/v2\/types\/page"}],"author":[{"embeddable":true,"href":"https:\/\/aptgadget.com\/fr\/wp-json\/wp\/v2\/users\/1"}],"replies":[{"embeddable":true,"href":"https:\/\/aptgadget.com\/fr\/wp-json\/wp\/v2\/comments?post=2413"}],"version-history":[{"count":3,"href":"https:\/\/aptgadget.com\/fr\/wp-json\/wp\/v2\/pages\/2413\/revisions"}],"predecessor-version":[{"id":13866,"href":"https:\/\/aptgadget.com\/fr\/wp-json\/wp\/v2\/pages\/2413\/revisions\/13866"}],"wp:attachment":[{"href":"https:\/\/aptgadget.com\/fr\/wp-json\/wp\/v2\/media?parent=2413"}],"curies":[{"name":"wp","href":"https:\/\/api.w.org\/{rel}","templated":true}]}}