{"id":4271,"date":"2015-09-16T02:23:21","date_gmt":"2015-09-16T06:23:21","guid":{"rendered":"http:\/\/aptgadget.com\/?page_id=4271"},"modified":"2020-10-29T10:59:06","modified_gmt":"2020-10-29T14:59:06","slug":"about","status":"publish","type":"page","link":"https:\/\/aptgadget.com\/fr\/about\/","title":{"rendered":"\u00c0 propos de nous"},"content":{"rendered":"<p><img loading=\"lazy\" decoding=\"async\" class=\"aligncenter wp-image-13900\" src=\"https:\/\/aptgadget.com\/wp-content\/uploads\/2015\/09\/aptgadget_logo_retina.png\" width=\"600\" height=\"126\" srcset=\"https:\/\/aptgadget.com\/wp-content\/uploads\/2015\/09\/aptgadget_logo_retina.png 950w, https:\/\/aptgadget.com\/wp-content\/uploads\/2015\/09\/aptgadget_logo_retina-300x63.png 300w, https:\/\/aptgadget.com\/wp-content\/uploads\/2015\/09\/aptgadget_logo_retina-765x161.png 765w, https:\/\/aptgadget.com\/wp-content\/uploads\/2015\/09\/aptgadget_logo_retina-1024x216.png 1024w, https:\/\/aptgadget.com\/wp-content\/uploads\/2015\/09\/aptgadget_logo_retina-244x51.png 244w\" sizes=\"auto, (max-width: 600px) 100vw, 600px\" \/><\/p>\n<p>Dans un monde globalis\u00e9, nos vies tournent autour de la technologie. L\u2019acc\u00e8s \u00e0 Internet est devenu synonyme de connexion au monde, et sans lui, nous n\u2019aurions jamais les progr\u00e8s que nous connaissons aujourd\u2019hui gr\u00e2ce au partage quasi instantan\u00e9 de l\u2019information. Aujourd\u2019hui, nous pouvons rechercher des r\u00e9ponses \u00e0 n\u2019importe quelle question et trouver des r\u00e9ponses plus rapidement que nous ne l\u2019aurions jamais imagin\u00e9.<\/p>\n<p>C&#039;est l\u00e0 qu&#039;AptGadget entre en jeu. En \u00e9tant une plate-forme permettant aux personnes du monde entier de venir trouver des informations, chez AptGadget, nous visons \u00e0 fournir un petit quelque chose \u00e0 tout le monde. Qu&#039;il s&#039;agisse de jeux, de t\u00e9l\u00e9phones ou m\u00eame d&#039;appareils \u00e9lectrom\u00e9nagers, nous faisons de notre mieux pour \u00eatre \u00e0 la pointe des actualit\u00e9s et des critiques ind\u00e9pendantes en mati\u00e8re de technologie. Nous proposons une vari\u00e9t\u00e9 de guides, de didacticiels et de critiques pour aider les utilisateurs \u00e0 s&#039;orienter dans l&#039;utilisation de nouveaux mat\u00e9riels et applications.<\/p>\n<p>Avec la rapidit\u00e9 avec laquelle les nouveaux outils et avanc\u00e9es sont propos\u00e9s, les cr\u00e9ateurs de contenu ont sans cesse besoin de partager leurs connaissances en ligne. En combinant des employ\u00e9s \u00e0 temps plein avec des r\u00e9dacteurs ind\u00e9pendants, nous sommes en mesure d&#039;avoir constamment une nouvelle approche tout en maintenant un haut niveau de qualit\u00e9. Cela nous permet de profiter des diff\u00e9rentes perspectives et cultures de nos r\u00e9dacteurs, en veillant \u00e0 ce que tout ce que nous publions reste pertinent pour vous.<\/p>\n<p>En tant que site ind\u00e9pendant, nous sommes fiers de pouvoir nous adapter et nous adapter \u00e0 notre \u00e9poque. Nous pouvons rapidement mettre en \u0153uvre de nouvelles id\u00e9es. Plus important encore, nous croyons en notre philosophie\u00a0: un contenu de haute qualit\u00e9 couvrant un large \u00e9ventail de sujets et utilisant l&#039;exp\u00e9rience, les connaissances et les perspectives de notre personnel. Nous esp\u00e9rons que vous trouverez quelque chose d&#039;int\u00e9ressant en parcourant nos archives, et n&#039;h\u00e9sitez pas \u00e0 nous envoyer une note avec des suggestions ou des demandes de r\u00e9vision. Notre \u00e9quipe est toujours d\u00e9sireuse de collaborer et de couvrir les produits les plus r\u00e9cents sur le march\u00e9.<\/p>\n<h3>L&#039;\u00e9quipe<br \/>\nAlex Peris \u2013 R\u00e9dacteur en chef<\/h3>\n<p><img loading=\"lazy\" decoding=\"async\" class=\"alignleft wp-image-13876\" src=\"http:\/\/aptgadget.com\/wp-content\/uploads\/2015\/09\/alex-e1488808948745.jpg\" width=\"80\" height=\"80\">Alex a fait ses d\u00e9buts dans l&#039;industrie technologique apr\u00e8s avoir accept\u00e9 un emploi chez Electronic Arts, au sein de leur division mobile. \u00c0 l\u2019\u00e9poque, les appareils mobiles \u00e9taient loin des accessoires complexes que nous transportons tous aujourd\u2019hui. \u00ab Je repense encore avec \u00e9tonnement \u00e0 la fa\u00e7on dont nous avons \u00e9t\u00e9 t\u00e9moins de la r\u00e9volution de l&#039;informatique mobile \u00bb, se souvient-il. \u00ab En quelques ann\u00e9es seulement, nous sommes pass\u00e9s des t\u00e9l\u00e9phones \u00e0 clapet fonctionnant sous J2ME et BREW jusqu&#039;\u00e0 iOS et Android. C&#039;\u00e9tait vraiment r\u00e9volutionnaire. Soudain, jouer sur un smartphone est devenu plus qu\u2019une simple r\u00e9flexion secondaire, c\u2019est devenu l\u2019une des pi\u00e8ces ma\u00eetresses d\u2019un bon smartphone. En plus de lui donner le coup d&#039;envoi de sa passion pour la technologie, cela s&#039;est av\u00e9r\u00e9 \u00eatre le premier pas vers une sp\u00e9cialisation en mobilit\u00e9 qui fa\u00e7onnera sa carri\u00e8re pendant de nombreuses ann\u00e9es. Les jeux notables sur lesquels Alex a travaill\u00e9 incluent Madden, FIFA, Tetris, Les Sims, Scrabble, Need for Speed, Les Simpsons et bien d&#039;autres.<\/p>\n<p>Au-del\u00e0 d&#039;AptGadget, il se retrouve actuellement employ\u00e9 par une grande entreprise informatique qui l&#039;aide \u00e0 concevoir, optimiser et g\u00e9rer certains des sites les plus connus sur Internet ; encore une fois, en mettant l&#039;accent sur la mobilit\u00e9 et le design r\u00e9actif. \u00ab C&#039;est vraiment fascinant. D&#039;une certaine mani\u00e8re, nous venons d&#039;assister \u00e0 la deuxi\u00e8me r\u00e9volution mobile : les sites mobiles sont pass\u00e9s d&#039;un \u00e9tat d&#039;ignorance totale \u00e0 une r\u00e9flexion secondaire, puis \u00e0 la priorit\u00e9 absolue pour la pr\u00e9sence num\u00e9rique d&#039;une personne. De plus en plus de sites deviennent enti\u00e8rement r\u00e9actifs, et de nos jours, il n&#039;y a vraiment aucune excuse pour ne pas optimiser la mobilit\u00e9 \u00bb, a-t-il r\u00e9fl\u00e9chi.<\/p>\n<p>Dans ses temps libres, il aime \u00e9couter de la musique, assister \u00e0 des concerts, jouer \u00e0 des jeux (\u00e0 la fois vid\u00e9o et de soci\u00e9t\u00e9), manger, regarder des films, des livres, des bandes dessin\u00e9es, du scotch, rechercher des technologies et des gadgets, r\u00e9aliser des vid\u00e9os et discuter de la science dans ses diff\u00e9rentes it\u00e9rations. . Certains de ses sujets favoris incluent le futurisme, la cosmologie, l&#039;astrophysique, la m\u00e9canique quantique et la psychologie. Enfin, comme tout bon internaute, il peut trouver de la joie dans des plaisirs plus simples comme les vid\u00e9os d&#039;\u00e9chec, les animaux dr\u00f4les ou toute personne faisant preuve d&#039;un talent insens\u00e9 pour lequel vous n&#039;avez m\u00eame jamais pens\u00e9 essayer de devenir bon.<\/p>\n<h3>Albert Bassili \u2013 R\u00e9dacteur en chef<\/h3>\n<p><img loading=\"lazy\" decoding=\"async\" class=\"wp-image-13872 alignleft\" src=\"http:\/\/aptgadget.com\/wp-content\/uploads\/2015\/09\/albert.jpg\" width=\"80\" height=\"80\" srcset=\"https:\/\/aptgadget.com\/wp-content\/uploads\/2015\/09\/albert.jpg 100w, https:\/\/aptgadget.com\/wp-content\/uploads\/2015\/09\/albert-150x150.jpg 150w, https:\/\/aptgadget.com\/wp-content\/uploads\/2015\/09\/albert-300x300.jpg 300w, https:\/\/aptgadget.com\/wp-content\/uploads\/2015\/09\/albert-768x768.jpg 768w, https:\/\/aptgadget.com\/wp-content\/uploads\/2015\/09\/albert-1024x1024.jpg 1024w, https:\/\/aptgadget.com\/wp-content\/uploads\/2015\/09\/albert-765x765.jpg 765w, https:\/\/aptgadget.com\/wp-content\/uploads\/2015\/09\/albert-184x184.jpg 184w\" sizes=\"auto, (max-width: 80px) 100vw, 80px\" \/>Apr\u00e8s des \u00e9tudes de physique et de musique, il a fini par quitter l&#039;universit\u00e9 pour se consacrer \u00e0 sa v\u00e9ritable passion : l&#039;\u00e9criture et l&#039;industrie technologique, plus particuli\u00e8rement les jeux. Il a fait ses premiers pas dans la vie d&#039;\u00e9crivain professionnel en publiant des articles sur un site de jeux MMO et n&#039;a jamais regard\u00e9 en arri\u00e8re. Il a examin\u00e9 ou \u00e9crit sur un large \u00e9ventail de sujets li\u00e9s \u00e0 l&#039;industrie technologique, depuis le mat\u00e9riel, tel que les moniteurs et les accessoires PC, jusqu&#039;aux logiciels, tels que les jeux vid\u00e9o.<\/p>\n<p>La r\u00e9daction de contenu n&#039;est pas sa seule joie, l&#039;\u00e9criture cr\u00e9ative jouant un r\u00f4le important dans sa vie professionnelle. Au cours de sa carri\u00e8re, Albert a eu le grand plaisir et l&#039;honneur de publier une histoire et de travailler comme \u00e9crivain cr\u00e9atif dans quelques jeux vid\u00e9o. Non seulement cela, mais il a \u00e9galement travaill\u00e9 comme concepteur de m\u00e9canismes de jeu.<\/p>\n<p>Enfin, Albert poss\u00e8de \u00e9galement une grande exp\u00e9rience en tant que r\u00e9dacteur. De m\u00eame, il a travaill\u00e9 \u00e0 la fois en tant que conservateur de contenu et directeur de contenu sur des sites Web li\u00e9s aux jeux vid\u00e9o et \u00e0 la technologie. En tant que responsable du contenu qui attire les utilisateurs, il s&#039;efforce toujours de rester \u00e0 la pointe de la technologie.<\/p>\n<h3>Deidre Richardson \u2013 R\u00e9dactrice en chef<\/h3>\n<p><img loading=\"lazy\" decoding=\"async\" class=\"wp-image-5067 alignleft\" src=\"http:\/\/aptgadget.com\/wp-content\/uploads\/2015\/09\/e1e42d60771a80c76b5c49676740c1fe-300x300.png\" alt=\"e1e42d60771a80c76b5c49676740c1fe\" width=\"80\" height=\"80\" srcset=\"https:\/\/aptgadget.com\/wp-content\/uploads\/2015\/09\/e1e42d60771a80c76b5c49676740c1fe-300x300.png 300w, https:\/\/aptgadget.com\/wp-content\/uploads\/2015\/09\/e1e42d60771a80c76b5c49676740c1fe-150x150.png 150w, https:\/\/aptgadget.com\/wp-content\/uploads\/2015\/09\/e1e42d60771a80c76b5c49676740c1fe-1024x1024.png 1024w, https:\/\/aptgadget.com\/wp-content\/uploads\/2015\/09\/e1e42d60771a80c76b5c49676740c1fe-765x765.png 765w, https:\/\/aptgadget.com\/wp-content\/uploads\/2015\/09\/e1e42d60771a80c76b5c49676740c1fe.png 138w\" sizes=\"auto, (max-width: 80px) 100vw, 80px\" \/>Un \u00e9crivain de longue date sur AptGadget\u00a0; Deidre Richardson (double licence, histoire et musique, Universit\u00e9 de Caroline du Nord \u00e0 Chapel Hill) est tomb\u00e9e sur la technologie un peu plus tard que pr\u00e9vu dans sa vie. Apr\u00e8s avoir achet\u00e9 son premier smartphone (le Galaxy S3), le reste appartient \u00e0 l&#039;histoire. Elle \u00e9crit actuellement pour SamMobile, le plus grand site de fans Samsung au monde. Sa passion et ses connaissances pour les smartphones et la technologie mobile lui ont permis d&#039;aider les communaut\u00e9s en ligne \u00e0 tout savoir sur leurs appareils pr\u00e9f\u00e9r\u00e9s. Les critiques d\u00e9taill\u00e9es de Deidre sur les t\u00e9l\u00e9phones t\u00e9moignent du soin qu&#039;elle accorde \u00e0 ses tests quotidiens. Une excellente source d&#039;informations sur les derni\u00e8res nouvelles et rumeurs concernant les derniers d\u00e9veloppements dans le domaine.<\/p>\n<p><strong>Nos \u00e9crivains<\/strong><\/p>\n<p><img loading=\"lazy\" decoding=\"async\" class=\"size-full wp-image-13873 alignleft\" src=\"http:\/\/aptgadget.com\/wp-content\/uploads\/2015\/09\/twitter_bk-e1488760376250.jpg\" alt=\"\" width=\"80\" height=\"80\">Aptgadget compte d\u00e9sormais des dizaines d&#039;\u00e9crivains, producteurs de vid\u00e9os et cr\u00e9ateurs de contenu r\u00e9guliers du monde entier. Bas\u00e9s au Canada, nous collaborons d\u00e9sormais avec des \u00e9quipes en Am\u00e9rique du Nord et en Europe. Si vous pensez avoir ce qu&#039;il faut pour contribuer \u00e0 AptGadget, envoyez-nous un e-mail avec vos id\u00e9es de contenu, et vous pourrez vous aussi faire partie de l&#039;\u00e9quipe.[\/wpsm_accordion_section]<\/p>\n<p><strong>\u00c9crivez pour nous<\/strong><\/p>\n<p>Nous r\u00e9mun\u00e9rons actuellement les r\u00e9dacteurs par article. Le taux de r\u00e9mun\u00e9ration est d\u00e9cid\u00e9 par notre \u00e9quipe en fonction de la quantit\u00e9 de travail que nous jugeons n\u00e9cessaire pour r\u00e9aliser un contenu donn\u00e9. Pour le moment, nous n&#039;acceptons que les id\u00e9es de contenu originales et uniques. Voici quelques types d\u2019articles et de vid\u00e9os que nous aimons\u00a0:<\/p>\n<ul>\n<li>Tutoriels de toute nature li\u00e9s \u00e0 la technologie.<\/li>\n<li>Avis sur les produits que vous poss\u00e9dez, logiciels et mat\u00e9riels. Doit \u00eatre en mesure de fournir vos propres images et photos de haute qualit\u00e9 du produit.<\/li>\n<li>Guides de bricolage sur la construction, la r\u00e9paration ou la cr\u00e9ation d&#039;\u00e0 peu pr\u00e8s n&#039;importe quoi pour un usage personnel et domestique.<\/li>\n<\/ul>\n<p>Nous n\u2019acceptons aucune forme des types de messages suivants\u00a0:<\/p>\n<ul>\n<li>Contenu recycl\u00e9 ou dupliqu\u00e9 d\u00e9j\u00e0 publi\u00e9 ailleurs.<\/li>\n<li>Messages d&#039;invit\u00e9s concernant tout type de promotion, liens, produits, ventes, faux avis.<\/li>\n<li>Nous ne vendons pas de messages promotionnels d\u2019invit\u00e9s ni aucun type de demande connexe.<\/li>\n<\/ul>\n<h3>Adresse e-mail:<\/h3>\n<h5><a href=\"mailto:info@aptgadget.com\" target=\"_blank\" rel=\"noopener noreferrer\">info@aptgadget.com<\/a>&nbsp;\u2013 ou vous pouvez utiliser notre <span style=\"color: #0000ff;\"><a style=\"color: #0000ff;\" href=\"https:\/\/aptgadget.com\/fr\/contact-us\/\">formulaire de contact<\/a><\/span>.<\/h5>\n<h3>R\u00e9seaux sociaux<\/h3>\n<p><a href=\"https:\/\/www.facebook.com\/aptgadget\" target=\"_blank\" rel=\"noopener\"><img loading=\"lazy\" decoding=\"async\" class=\"wp-image-25 alignleft\" src=\"http:\/\/aptgadget.com\/wp-content\/uploads\/2014\/08\/facebook.png\" alt=\"facebook\" width=\"32\" height=\"32\" srcset=\"https:\/\/aptgadget.com\/wp-content\/uploads\/2014\/08\/facebook.png 64w, https:\/\/aptgadget.com\/wp-content\/uploads\/2014\/08\/facebook-50x50.png 50w\" sizes=\"auto, (max-width: 32px) 100vw, 32px\" \/><\/a> <a href=\"https:\/\/twitter.com\/aptgadgetcom\" target=\"_blank\" rel=\"noopener\"><img loading=\"lazy\" decoding=\"async\" class=\"wp-image-30 alignleft\" src=\"http:\/\/aptgadget.com\/wp-content\/uploads\/2014\/08\/twitter.png\" alt=\"twitter\" width=\"32\" height=\"32\" srcset=\"https:\/\/aptgadget.com\/wp-content\/uploads\/2014\/08\/twitter.png 64w, https:\/\/aptgadget.com\/wp-content\/uploads\/2014\/08\/twitter-50x50.png 50w\" sizes=\"auto, (max-width: 32px) 100vw, 32px\" \/><\/a> <a href=\"http:\/\/www.pinterest.com\/aptgadget\/\" target=\"_blank\" rel=\"noopener\"><img loading=\"lazy\" decoding=\"async\" class=\"wp-image-27 alignleft\" src=\"http:\/\/aptgadget.com\/wp-content\/uploads\/2014\/08\/pinterest.png\" alt=\"pinterest\" width=\"32\" height=\"32\" srcset=\"https:\/\/aptgadget.com\/wp-content\/uploads\/2014\/08\/pinterest.png 64w, https:\/\/aptgadget.com\/wp-content\/uploads\/2014\/08\/pinterest-50x50.png 50w\" sizes=\"auto, (max-width: 32px) 100vw, 32px\" \/><\/a> <a href=\"https:\/\/google.com\/+Aptgadget\" target=\"_blank\" rel=\"noopener\"><img loading=\"lazy\" decoding=\"async\" class=\"wp-image-26 alignleft\" src=\"http:\/\/aptgadget.com\/wp-content\/uploads\/2014\/08\/google+.png\" alt=\"google+\" width=\"32\" height=\"32\" srcset=\"https:\/\/aptgadget.com\/wp-content\/uploads\/2014\/08\/google+.png 64w, https:\/\/aptgadget.com\/wp-content\/uploads\/2014\/08\/google+-50x50.png 50w\" sizes=\"auto, (max-width: 32px) 100vw, 32px\" \/><\/a><\/p>","protected":false},"excerpt":{"rendered":"<p>In a globalized world our lives revolve around technology. Internet access has become synonymous with connecting to the world, and without it we would never have the advancements we have today from near-instantaneous sharing of information. Today, we can search for answers to any question, and find answers, faster than we ever imagined possible. That\u2019s &hellip;<\/p>","protected":false},"author":4,"featured_media":0,"parent":0,"menu_order":0,"comment_status":"closed","ping_status":"closed","template":"","meta":{"footnotes":""},"class_list":["post-4271","page","type-page","status-publish","hentry"],"yoast_head":"<!-- This site is optimized with the Yoast SEO Premium plugin v27.1 (Yoast SEO v27.1.1) - https:\/\/yoast.com\/product\/yoast-seo-premium-wordpress\/ -->\n<title>About Us - AptGadget.com<\/title>\n<meta name=\"robots\" content=\"index, follow, max-snippet:-1, max-image-preview:large, max-video-preview:-1\" \/>\n<link rel=\"canonical\" href=\"https:\/\/aptgadget.com\/fr\/about\/\" \/>\n<meta property=\"og:locale\" content=\"fr_FR\" \/>\n<meta property=\"og:type\" content=\"article\" \/>\n<meta property=\"og:title\" content=\"About Us\" \/>\n<meta property=\"og:description\" content=\"In a globalized world our lives revolve around technology. Internet access has become synonymous with connecting to the world, and without it we would never have the advancements we have today from near-instantaneous sharing of information. Today, we can search for answers to any question, and find answers, faster than we ever imagined possible. That\u2019s &hellip;\" \/>\n<meta property=\"og:url\" content=\"https:\/\/aptgadget.com\/fr\/about\/\" \/>\n<meta property=\"og:site_name\" content=\"AptGadget.com\" \/>\n<meta property=\"article:modified_time\" content=\"2020-10-29T14:59:06+00:00\" \/>\n<meta property=\"og:image\" content=\"https:\/\/aptgadget.com\/wp-content\/uploads\/2015\/09\/aptgadget_logo_retina.png\" \/>\n<meta name=\"twitter:label1\" content=\"Dur\u00e9e de lecture estim\u00e9e\" \/>\n\t<meta name=\"twitter:data1\" content=\"6 minutes\" \/>\n<script type=\"application\/ld+json\" class=\"yoast-schema-graph\">{\"@context\":\"https:\/\/schema.org\",\"@graph\":[{\"@type\":\"WebPage\",\"@id\":\"https:\/\/aptgadget.com\/about\/\",\"url\":\"https:\/\/aptgadget.com\/about\/\",\"name\":\"About Us - AptGadget.com\",\"isPartOf\":{\"@id\":\"https:\/\/aptgadget.com\/#website\"},\"primaryImageOfPage\":{\"@id\":\"https:\/\/aptgadget.com\/about\/#primaryimage\"},\"image\":{\"@id\":\"https:\/\/aptgadget.com\/about\/#primaryimage\"},\"thumbnailUrl\":\"https:\/\/aptgadget.com\/wp-content\/uploads\/2015\/09\/aptgadget_logo_retina.png\",\"datePublished\":\"2015-09-16T06:23:21+00:00\",\"dateModified\":\"2020-10-29T14:59:06+00:00\",\"breadcrumb\":{\"@id\":\"https:\/\/aptgadget.com\/about\/#breadcrumb\"},\"inLanguage\":\"fr-FR\",\"potentialAction\":[{\"@type\":\"ReadAction\",\"target\":[\"https:\/\/aptgadget.com\/about\/\"]}]},{\"@type\":\"ImageObject\",\"inLanguage\":\"fr-FR\",\"@id\":\"https:\/\/aptgadget.com\/about\/#primaryimage\",\"url\":\"https:\/\/aptgadget.com\/wp-content\/uploads\/2015\/09\/aptgadget_logo_retina.png\",\"contentUrl\":\"https:\/\/aptgadget.com\/wp-content\/uploads\/2015\/09\/aptgadget_logo_retina.png\"},{\"@type\":\"BreadcrumbList\",\"@id\":\"https:\/\/aptgadget.com\/about\/#breadcrumb\",\"itemListElement\":[{\"@type\":\"ListItem\",\"position\":1,\"name\":\"Home\",\"item\":\"https:\/\/aptgadget.com\/\"},{\"@type\":\"ListItem\",\"position\":2,\"name\":\"About Us\"}]},{\"@type\":\"WebSite\",\"@id\":\"https:\/\/aptgadget.com\/#website\",\"url\":\"https:\/\/aptgadget.com\/\",\"name\":\"AptGadget.com\",\"description\":\"Technology Reviews, Products and News\",\"potentialAction\":[{\"@type\":\"SearchAction\",\"target\":{\"@type\":\"EntryPoint\",\"urlTemplate\":\"https:\/\/aptgadget.com\/?s={search_term_string}\"},\"query-input\":{\"@type\":\"PropertyValueSpecification\",\"valueRequired\":true,\"valueName\":\"search_term_string\"}}],\"inLanguage\":\"fr-FR\"}]}<\/script>\n<!-- \/ Yoast SEO Premium plugin. -->","yoast_head_json":{"title":"About Us - AptGadget.com","robots":{"index":"index","follow":"follow","max-snippet":"max-snippet:-1","max-image-preview":"max-image-preview:large","max-video-preview":"max-video-preview:-1"},"canonical":"https:\/\/aptgadget.com\/fr\/about\/","og_locale":"fr_FR","og_type":"article","og_title":"About Us","og_description":"In a globalized world our lives revolve around technology. Internet access has become synonymous with connecting to the world, and without it we would never have the advancements we have today from near-instantaneous sharing of information. Today, we can search for answers to any question, and find answers, faster than we ever imagined possible. That\u2019s &hellip;","og_url":"https:\/\/aptgadget.com\/fr\/about\/","og_site_name":"AptGadget.com","article_modified_time":"2020-10-29T14:59:06+00:00","og_image":[{"url":"https:\/\/aptgadget.com\/wp-content\/uploads\/2015\/09\/aptgadget_logo_retina.png","type":"","width":"","height":""}],"twitter_misc":{"Dur\u00e9e de lecture estim\u00e9e":"6 minutes"},"schema":{"@context":"https:\/\/schema.org","@graph":[{"@type":"WebPage","@id":"https:\/\/aptgadget.com\/about\/","url":"https:\/\/aptgadget.com\/about\/","name":"About Us - AptGadget.com","isPartOf":{"@id":"https:\/\/aptgadget.com\/#website"},"primaryImageOfPage":{"@id":"https:\/\/aptgadget.com\/about\/#primaryimage"},"image":{"@id":"https:\/\/aptgadget.com\/about\/#primaryimage"},"thumbnailUrl":"https:\/\/aptgadget.com\/wp-content\/uploads\/2015\/09\/aptgadget_logo_retina.png","datePublished":"2015-09-16T06:23:21+00:00","dateModified":"2020-10-29T14:59:06+00:00","breadcrumb":{"@id":"https:\/\/aptgadget.com\/about\/#breadcrumb"},"inLanguage":"fr-FR","potentialAction":[{"@type":"ReadAction","target":["https:\/\/aptgadget.com\/about\/"]}]},{"@type":"ImageObject","inLanguage":"fr-FR","@id":"https:\/\/aptgadget.com\/about\/#primaryimage","url":"https:\/\/aptgadget.com\/wp-content\/uploads\/2015\/09\/aptgadget_logo_retina.png","contentUrl":"https:\/\/aptgadget.com\/wp-content\/uploads\/2015\/09\/aptgadget_logo_retina.png"},{"@type":"BreadcrumbList","@id":"https:\/\/aptgadget.com\/about\/#breadcrumb","itemListElement":[{"@type":"ListItem","position":1,"name":"Home","item":"https:\/\/aptgadget.com\/"},{"@type":"ListItem","position":2,"name":"About Us"}]},{"@type":"WebSite","@id":"https:\/\/aptgadget.com\/#website","url":"https:\/\/aptgadget.com\/","name":"AptGadget.com","description":"Technology Reviews, Products and News","potentialAction":[{"@type":"SearchAction","target":{"@type":"EntryPoint","urlTemplate":"https:\/\/aptgadget.com\/?s={search_term_string}"},"query-input":{"@type":"PropertyValueSpecification","valueRequired":true,"valueName":"search_term_string"}}],"inLanguage":"fr-FR"}]}},"_links":{"self":[{"href":"https:\/\/aptgadget.com\/fr\/wp-json\/wp\/v2\/pages\/4271","targetHints":{"allow":["GET"]}}],"collection":[{"href":"https:\/\/aptgadget.com\/fr\/wp-json\/wp\/v2\/pages"}],"about":[{"href":"https:\/\/aptgadget.com\/fr\/wp-json\/wp\/v2\/types\/page"}],"author":[{"embeddable":true,"href":"https:\/\/aptgadget.com\/fr\/wp-json\/wp\/v2\/users\/4"}],"replies":[{"embeddable":true,"href":"https:\/\/aptgadget.com\/fr\/wp-json\/wp\/v2\/comments?post=4271"}],"version-history":[{"count":41,"href":"https:\/\/aptgadget.com\/fr\/wp-json\/wp\/v2\/pages\/4271\/revisions"}],"predecessor-version":[{"id":17456,"href":"https:\/\/aptgadget.com\/fr\/wp-json\/wp\/v2\/pages\/4271\/revisions\/17456"}],"wp:attachment":[{"href":"https:\/\/aptgadget.com\/fr\/wp-json\/wp\/v2\/media?parent=4271"}],"curies":[{"name":"wp","href":"https:\/\/api.w.org\/{rel}","templated":true}]}}