{"id":2413,"date":"2015-05-30T07:24:51","date_gmt":"2015-05-30T11:24:51","guid":{"rendered":"http:\/\/aptgadget.com\/?page_id=2413"},"modified":"2017-03-05T17:36:48","modified_gmt":"2017-03-05T22:36:48","slug":"privacy-policy","status":"publish","type":"page","link":"https:\/\/aptgadget.com\/tr\/privacy-policy\/","title":{"rendered":"Gizlilik Politikas\u0131"},"content":{"rendered":"<p>Bu Gizlilik Politikas\u0131, AptGadget,com&#039;un kay\u0131tl\u0131\/kay\u0131tl\u0131 olmayan Kullan\u0131c\u0131lar\u0131ndan toplanan bilgileri ne \u015fekilde toplayabilece\u011fini ve kullanabilece\u011fini \u00f6zetlemektedir.\u00a0<a href=\"http:\/\/aptgadget.com\/tr\/\">http:\/\/aptgadget.com<\/a>. Gizlilik politikam\u0131z hem sitenin ziyaret\u00e7ileri hem de posta listesi \u00fcyelerinin kay\u0131tl\u0131 katk\u0131da bulunanlar\u0131 i\u00e7in ge\u00e7erlidir.<br \/>\n<strong>Ki\u015fisel kimlik bilgileri<\/strong><\/p>\n<p>Kullan\u0131c\u0131lar\u0131n sitemizi ziyaret etmesi, kaydolmas\u0131, katk\u0131da bulunmas\u0131, haber b\u00fcltenine abone olmas\u0131 ve web sitesinde sunulan herhangi bir i\u00e7eri\u011fin di\u011fer herhangi bir \u015fekilde kullan\u0131lmas\u0131 dahil ancak bunlarla s\u0131n\u0131rl\u0131 olmamak \u00fczere \u00fcyelerden baz\u0131 ki\u015fisel kimlik bilgileri talep edilebilir. Genellikle isim ve ge\u00e7erli e-posta adresiyle s\u0131n\u0131rl\u0131 oldu\u011fundan, baz\u0131 \u00f6d\u00fcll\u00fc yar\u0131\u015fmalar veya \u00e7ekili\u015fler, onaylanm\u0131\u015f fiziksel adresler gerektirebilir. Kullan\u0131c\u0131lar anonim olarak gezinme hakk\u0131n\u0131 sakl\u0131 tutar. Ki\u015fisel kimlik bilgileri yaln\u0131zca Kullan\u0131c\u0131 taraf\u0131ndan g\u00f6n\u00fcll\u00fc olarak do\u011frudan bize toplanacakt\u0131r. Kullan\u0131c\u0131lar, ki\u015fisel bilgi gerektiren herhangi bir hizmete kat\u0131l\u0131m\u0131 reddetme hakk\u0131n\u0131 sakl\u0131 tutar.<\/p>\n<p><strong>Ki\u015fisel olmayan kimlik bilgileri<\/strong><\/p>\n<p>Sitemizi ziyaret eden Kullan\u0131c\u0131 hakk\u0131nda ki\u015fisel olmayan kimlik bilgileri toplayabiliriz. Ki\u015fisel olmayan kimlik bilgileri, taray\u0131c\u0131 ad\u0131n\u0131, bilgisayar\u0131, i\u015fletim sisteminiz gibi yaz\u0131l\u0131m\u0131 ve \u0130nternet servis sa\u011flay\u0131c\u0131s\u0131n\u0131n atanm\u0131\u015f IP&#039;sini ve benzer bilgileri i\u00e7erebilir.<\/p>\n<p><strong>Web taray\u0131c\u0131s\u0131 \u00e7erezleri<\/strong><\/p>\n<p>AptGadget.com, Kullan\u0131c\u0131 deneyimini geli\u015ftirmek i\u00e7in \u201c\u00e7erezleri\u201d kullan\u0131r. Taray\u0131c\u0131 yaz\u0131l\u0131m\u0131, kay\u0131t tutma ve izleme amac\u0131yla \u00e7erezleri Kullan\u0131c\u0131n\u0131n sabit diskine kaydeder. \u00c7erezlerin tamamen kapat\u0131lmas\u0131 sitede sunulan \u00e7e\u015fitli eklentilerin veya hizmetlerin \u00e7al\u0131\u015fmas\u0131n\u0131 engelleyebilir.<\/p>\n<p><strong>Toplanan bilgileri nas\u0131l kullan\u0131yoruz?<\/strong><\/p>\n<p>AptGadget, Kullan\u0131c\u0131lar\u0131n ki\u015fisel bilgilerini a\u015fa\u011f\u0131daki ama\u00e7larla toplayabilir ve kullanabilir:<\/p>\n<ul>\n<li><em>\u2013 Kullan\u0131c\u0131 deneyimini ki\u015fiselle\u015ftirmek i\u00e7in<\/em><br \/>\nKullan\u0131c\u0131lar\u0131m\u0131z\u0131n bir grup olarak Sitemizde sa\u011flanan hizmetleri ve kaynaklar\u0131 nas\u0131l kulland\u0131\u011f\u0131n\u0131 anlamak i\u00e7in bilgileri toplu olarak kullanabiliriz.<\/li>\n<li><em>\u2013 Sitemizi geli\u015ftirmek i\u00e7in<\/em><br \/>\n\u00dcr\u00fcn ve hizmetlerimizi geli\u015ftirmek i\u00e7in sa\u011flad\u0131\u011f\u0131n\u0131z geri bildirimleri kullanabiliriz.<\/li>\n<li><em>\u2013 Bir promosyon, yar\u0131\u015fma, anket veya ba\u015fka bir Site \u00f6zelli\u011fi y\u00fcr\u00fctmek i\u00e7in<\/em><br \/>\nKullan\u0131c\u0131lara ilgilerini \u00e7ekece\u011fini d\u00fc\u015f\u00fcnd\u00fc\u011f\u00fcm\u00fcz konular hakk\u0131nda almay\u0131 kabul ettikleri bilgileri g\u00f6ndermek.<\/li>\n<li><em>\u2013 Periyodik e-postalar g\u00f6ndermek i\u00e7in<\/em><br \/>\nE-posta adresini onlar\u0131n sorular\u0131na, sorular\u0131na ve\/veya di\u011fer isteklerine yan\u0131t vermek i\u00e7in kullanabiliriz. Kullan\u0131c\u0131 posta listemize kat\u0131lmaya karar verirse \u015firket haberleri, g\u00fcncellemeler, ilgili \u00fcr\u00fcn veya hizmet bilgileri vb. i\u00e7erebilecek e-postalar alacakt\u0131r. Kullan\u0131c\u0131 herhangi bir zamanda gelecekte e-posta alma aboneli\u011finden \u00e7\u0131kmak isterse, bu e-postalara ayr\u0131nt\u0131l\u0131 olarak ekleyece\u011fiz. Her e-postan\u0131n alt k\u0131sm\u0131nda yer alan abonelikten \u00e7\u0131kma talimatlar\u0131na uyun veya Kullan\u0131c\u0131 Sitemiz arac\u0131l\u0131\u011f\u0131yla bizimle ileti\u015fime ge\u00e7ebilir.<\/li>\n<\/ul>\n<p><strong>Bilgilerinizi nas\u0131l koruyoruz<\/strong><\/p>\n<p>Ki\u015fisel bilgilerinizin, kullan\u0131c\u0131 ad\u0131n\u0131z\u0131n, \u015fifrenizin, i\u015flem bilgilerinizin ve Sitemizde saklanan verilerinizin yetkisiz eri\u015fimine, de\u011fi\u015ftirilmesine, if\u015fa edilmesine veya imha edilmesine kar\u015f\u0131 koruma sa\u011flamak i\u00e7in uygun veri toplama, saklama ve i\u015fleme uygulamalar\u0131n\u0131 ve g\u00fcvenlik \u00f6nlemlerini benimsiyoruz.<\/p>\n<p><strong>Ki\u015fisel bilgilerinizi payla\u015fma<\/strong><\/p>\n<p>Kullan\u0131c\u0131lar\u0131n ki\u015fisel kimlik bilgilerini ba\u015fkalar\u0131na satm\u0131yoruz, takas etmiyoruz veya kiralam\u0131yoruz. Ziyaret\u00e7ilere ve kullan\u0131c\u0131lara ili\u015fkin herhangi bir ki\u015fisel kimlik bilgisiyle ba\u011flant\u0131l\u0131 olmayan genel toplu demografik bilgileri, yukar\u0131da belirtilen ama\u00e7lar do\u011frultusunda i\u015f ortaklar\u0131m\u0131z, g\u00fcvenilir ba\u011fl\u0131 kurulu\u015flar\u0131m\u0131z ve reklamverenlerimiz ile payla\u015fabiliriz. \u0130\u015fimizi ve Siteyi y\u00fcr\u00fctmemize yard\u0131mc\u0131 olmas\u0131 veya haber b\u00fcltenleri veya anketler g\u00f6ndermek gibi faaliyetleri bizim ad\u0131m\u0131za y\u00f6netmesi i\u00e7in \u00fc\u00e7\u00fcnc\u00fc taraf hizmet sa\u011flay\u0131c\u0131lar\u0131n\u0131 kullanabiliriz. Bize izin vermeniz ko\u015fuluyla, bilgilerinizi bu s\u0131n\u0131rl\u0131 ama\u00e7lar do\u011frultusunda bu \u00fc\u00e7\u00fcnc\u00fc taraflarla payla\u015fabiliriz.<\/p>\n<p><strong>\u00dc\u00e7\u00fcnc\u00fc taraf web siteleri<\/strong><\/p>\n<p>Kullan\u0131c\u0131lar Sitemizde ortaklar\u0131m\u0131z\u0131n, tedarik\u00e7ilerimizin, reklamverenlerimizin, sponsorlar\u0131m\u0131z\u0131n, lisans verenlerimizin ve di\u011fer \u00fc\u00e7\u00fcnc\u00fc taraflar\u0131n sitelerine ve hizmetlerine ba\u011flant\u0131 veren reklamlar veya ba\u015fka i\u00e7erikler bulabilirler. Bu sitelerde g\u00f6r\u00fcnen i\u00e7erik veya ba\u011flant\u0131lar\u0131 kontrol etmiyoruz ve Sitemize ba\u011flant\u0131 verilen veya Sitemizden ba\u011flant\u0131 verilen web sitelerinin uygulad\u0131\u011f\u0131 uygulamalardan sorumlu de\u011filiz. Ayr\u0131ca bu siteler veya hizmetler, i\u00e7erikleri ve ba\u011flant\u0131lar\u0131 da dahil olmak \u00fczere s\u00fcrekli olarak de\u011fi\u015fiyor olabilir. Bu sitelerin ve hizmetlerin kendi gizlilik politikalar\u0131 ve m\u00fc\u015fteri hizmetleri politikalar\u0131 olabilir. Sitemize ba\u011flant\u0131s\u0131 olan web siteleri de dahil olmak \u00fczere ba\u015fka herhangi bir web sitesinde gezinmek ve onlarla etkile\u015fimde bulunmak, o web sitesinin kendi \u015fart ve politikalar\u0131na tabidir.<\/p>\n<p><strong>Reklam<\/strong><\/p>\n<p>Sitemizde g\u00f6r\u00fcnen reklamlar, \u00e7erezleri yerle\u015ftirebilecek reklam ortaklar\u0131 taraf\u0131ndan Kullan\u0131c\u0131lara sunulabilir. Bu \u00e7erezler, reklam sunucusunun, sizin veya bilgisayar\u0131n\u0131z\u0131 kullanan di\u011fer ki\u015filerin ki\u015fisel olmayan kimlik bilgilerini derlemek i\u00e7in size \u00e7evrimi\u00e7i bir reklam g\u00f6nderdi\u011finde bilgisayar\u0131n\u0131z\u0131 tan\u0131mas\u0131na olanak tan\u0131r. Bu bilgi, reklam a\u011flar\u0131n\u0131n, di\u011fer \u015feylerin yan\u0131 s\u0131ra, ilginizi en \u00e7ok \u00e7ekece\u011fine inand\u0131klar\u0131 hedefli reklamlar sunmas\u0131na olanak tan\u0131r. Bu gizlilik politikas\u0131, herhangi bir reklam verenin \u00e7erez kullan\u0131m\u0131n\u0131 kapsamaz.<\/p>\n<p><strong>Google Adsense<\/strong><\/p>\n<p>Bu web sitesini ziyaret etti\u011finizde, AptGadget&#039;ta g\u00f6r\u00fcnt\u00fclenen reklamlar arac\u0131l\u0131\u011f\u0131yla bilgiler Google ile payla\u015f\u0131l\u0131r. Daha fazla bilgi i\u00e7in \u015fu adresi ziyaret edin: <a href=\"https:\/\/www.google.com\/policies\/privacy\/partners\/\" target=\"_blank\" rel=\"noopener\">\u0130\u015f ortaklar\u0131m\u0131z\u0131n sitelerini veya uygulamalar\u0131n\u0131 kulland\u0131\u011f\u0131n\u0131zda Google, verileri nas\u0131l kullan\u0131r?<\/a>.<\/p>\n<p>Reklamlardan baz\u0131lar\u0131 Google taraf\u0131ndan sunulabilir. Google&#039;\u0131n DART \u00e7erezini kullanmas\u0131, Kullan\u0131c\u0131lara Sitemize ve \u0130nternet&#039;teki di\u011fer sitelere yapt\u0131klar\u0131 ziyaretlere dayal\u0131 olarak reklam sunmas\u0131na olanak tan\u0131r. DART, &quot;ki\u015fisel olarak tan\u0131mlanamayan bilgiler&quot; kullan\u0131r ve ad\u0131n\u0131z, e-posta adresiniz, fiziksel adresiniz vb. gibi hakk\u0131n\u0131zdaki ki\u015fisel bilgileri \u0130ZLEMEZ. Google reklam ve i\u00e7erik a\u011f\u0131 gizlilik sayfas\u0131n\u0131 ziyaret ederek DART \u00e7erezinin kullan\u0131m\u0131n\u0131 devre d\u0131\u015f\u0131 b\u0131rakabilirsiniz. politika\u00a0<a href=\"http:\/\/www.google.com\/privacy_ads.html\" target=\"_blank\" rel=\"noopener\">http:\/\/www.google.com\/privacy_ads.html<\/a><\/p>\n<p><strong>Bu gizlilik politikas\u0131ndaki de\u011fi\u015fiklikler<\/strong><\/p>\n<p>AptGadget bu gizlilik politikas\u0131n\u0131 istedi\u011fi zaman g\u00fcncelleme takdirine sahiptir. Bunu yapt\u0131\u011f\u0131m\u0131zda, bu sayfan\u0131n alt k\u0131sm\u0131ndaki g\u00fcncelleme tarihini revize edip size bir e-posta g\u00f6nderece\u011fiz. Toplad\u0131\u011f\u0131m\u0131z ki\u015fisel bilgilerin korunmas\u0131na nas\u0131l yard\u0131mc\u0131 oldu\u011fumuz konusunda bilgi sahibi olmalar\u0131 i\u00e7in Kullan\u0131c\u0131lar\u0131n herhangi bir de\u011fi\u015fiklik olup olmad\u0131\u011f\u0131n\u0131 g\u00f6rmek i\u00e7in bu sayfay\u0131 s\u0131k s\u0131k kontrol etmelerini \u00f6neririz. Bu gizlilik politikas\u0131n\u0131 periyodik olarak g\u00f6zden ge\u00e7irmenin ve de\u011fi\u015fikliklerden haberdar olman\u0131n sizin sorumlulu\u011funuz oldu\u011funu kabul ve beyan edersiniz.<\/p>\n<p><strong>Bu \u015fartlar\u0131 kabul etmeniz<\/strong><\/p>\n<p>Bu Siteyi kullanarak bu politikay\u0131 kabul etti\u011finizi belirtirsiniz. Bu politikay\u0131 kabul etmiyorsan\u0131z l\u00fctfen Sitemizi kullanmay\u0131n. Bu politikada yap\u0131lan de\u011fi\u015fikliklerin yay\u0131nlanmas\u0131n\u0131n ard\u0131ndan Siteyi kullanmaya devam etmeniz, bu de\u011fi\u015fiklikleri kabul etti\u011finiz anlam\u0131na gelecektir.<\/p>\n<p><strong>Bizimle ileti\u015fime ge\u00e7mek<\/strong><\/p>\n<p>Bu Gizlilik Politikas\u0131, bu sitenin uygulamalar\u0131 veya bu siteyle olan ili\u015fkileriniz hakk\u0131nda herhangi bir sorunuz varsa, l\u00fctfen bizimle \u015fu adresten ileti\u015fime ge\u00e7in:<br \/>\ninfo@aptgadget.com<\/p>\n<p>Bu belge en son 05 Mart 2017&#039;de g\u00fcncellendi<\/p>","protected":false},"excerpt":{"rendered":"<p>Bu Gizlilik Politikas\u0131, AptGadget,com&#039;un http:\/\/aptgadget.com&#039;un kay\u0131tl\u0131\/kay\u0131tl\u0131 olmayan Kullan\u0131c\u0131lar\u0131ndan toplanan bilgileri ne \u015fekilde toplayabilece\u011fini ve kullanabilece\u011fini \u00f6zetlemektedir. Gizlilik politikam\u0131z hem sitenin ziyaret\u00e7ileri hem de posta listesi \u00fcyelerinin kay\u0131tl\u0131 katk\u0131da bulunanlar\u0131 i\u00e7in ge\u00e7erlidir. Ki\u015fisel kimlik bilgileri A\u015fa\u011f\u0131dakiler dahil ancak bunlarla s\u0131n\u0131rl\u0131 olmamak \u00fczere \u00fcyelerden baz\u0131 ki\u015fisel kimlik bilgileri talep edilebilir:<\/p>","protected":false},"author":1,"featured_media":0,"parent":0,"menu_order":0,"comment_status":"open","ping_status":"open","template":"","meta":{"footnotes":""},"class_list":["post-2413","page","type-page","status-publish","hentry"],"yoast_head":"<!-- This site is optimized with the Yoast SEO Premium plugin v27.1 (Yoast SEO v27.1.1) - https:\/\/yoast.com\/product\/yoast-seo-premium-wordpress\/ -->\n<title>Privacy Policy - AptGadget.com<\/title>\n<meta name=\"robots\" content=\"index, follow, max-snippet:-1, max-image-preview:large, max-video-preview:-1\" \/>\n<link rel=\"canonical\" href=\"https:\/\/aptgadget.com\/tr\/privacy-policy\/\" \/>\n<meta property=\"og:locale\" content=\"tr_TR\" \/>\n<meta property=\"og:type\" content=\"article\" \/>\n<meta property=\"og:title\" content=\"Privacy Policy\" \/>\n<meta property=\"og:description\" content=\"This Privacy Policy outlines in which manner AptGadget,com may collect and utilize information collected from registered\/non-registered Users of\u00a0http:\/\/aptgadget.com. Our privacy policy applies to both visitors of the site, as well as registered contributors of mailing list members. Personal identification information Some personal identification information may be requested from members, including, but not limited to, when &hellip;\" \/>\n<meta property=\"og:url\" content=\"https:\/\/aptgadget.com\/tr\/privacy-policy\/\" \/>\n<meta property=\"og:site_name\" content=\"AptGadget.com\" \/>\n<meta property=\"article:modified_time\" content=\"2017-03-05T22:36:48+00:00\" \/>\n<meta name=\"twitter:label1\" content=\"Tahmini okuma s\u00fcresi\" \/>\n\t<meta name=\"twitter:data1\" content=\"5 dakika\" \/>\n<script type=\"application\/ld+json\" class=\"yoast-schema-graph\">{\"@context\":\"https:\/\/schema.org\",\"@graph\":[{\"@type\":\"WebPage\",\"@id\":\"https:\/\/aptgadget.com\/privacy-policy\/\",\"url\":\"https:\/\/aptgadget.com\/privacy-policy\/\",\"name\":\"Privacy Policy - AptGadget.com\",\"isPartOf\":{\"@id\":\"https:\/\/aptgadget.com\/#website\"},\"datePublished\":\"2015-05-30T11:24:51+00:00\",\"dateModified\":\"2017-03-05T22:36:48+00:00\",\"breadcrumb\":{\"@id\":\"https:\/\/aptgadget.com\/privacy-policy\/#breadcrumb\"},\"inLanguage\":\"tr\",\"potentialAction\":[{\"@type\":\"ReadAction\",\"target\":[\"https:\/\/aptgadget.com\/privacy-policy\/\"]}]},{\"@type\":\"BreadcrumbList\",\"@id\":\"https:\/\/aptgadget.com\/privacy-policy\/#breadcrumb\",\"itemListElement\":[{\"@type\":\"ListItem\",\"position\":1,\"name\":\"Home\",\"item\":\"https:\/\/aptgadget.com\/\"},{\"@type\":\"ListItem\",\"position\":2,\"name\":\"Privacy Policy\"}]},{\"@type\":\"WebSite\",\"@id\":\"https:\/\/aptgadget.com\/#website\",\"url\":\"https:\/\/aptgadget.com\/\",\"name\":\"AptGadget.com\",\"description\":\"Technology Reviews, Products and News\",\"potentialAction\":[{\"@type\":\"SearchAction\",\"target\":{\"@type\":\"EntryPoint\",\"urlTemplate\":\"https:\/\/aptgadget.com\/?s={search_term_string}\"},\"query-input\":{\"@type\":\"PropertyValueSpecification\",\"valueRequired\":true,\"valueName\":\"search_term_string\"}}],\"inLanguage\":\"tr\"}]}<\/script>\n<!-- \/ Yoast SEO Premium plugin. -->","yoast_head_json":{"title":"Privacy Policy - AptGadget.com","robots":{"index":"index","follow":"follow","max-snippet":"max-snippet:-1","max-image-preview":"max-image-preview:large","max-video-preview":"max-video-preview:-1"},"canonical":"https:\/\/aptgadget.com\/tr\/privacy-policy\/","og_locale":"tr_TR","og_type":"article","og_title":"Privacy Policy","og_description":"This Privacy Policy outlines in which manner AptGadget,com may collect and utilize information collected from registered\/non-registered Users of\u00a0http:\/\/aptgadget.com. Our privacy policy applies to both visitors of the site, as well as registered contributors of mailing list members. Personal identification information Some personal identification information may be requested from members, including, but not limited to, when &hellip;","og_url":"https:\/\/aptgadget.com\/tr\/privacy-policy\/","og_site_name":"AptGadget.com","article_modified_time":"2017-03-05T22:36:48+00:00","twitter_misc":{"Tahmini okuma s\u00fcresi":"5 dakika"},"schema":{"@context":"https:\/\/schema.org","@graph":[{"@type":"WebPage","@id":"https:\/\/aptgadget.com\/privacy-policy\/","url":"https:\/\/aptgadget.com\/privacy-policy\/","name":"Privacy Policy - AptGadget.com","isPartOf":{"@id":"https:\/\/aptgadget.com\/#website"},"datePublished":"2015-05-30T11:24:51+00:00","dateModified":"2017-03-05T22:36:48+00:00","breadcrumb":{"@id":"https:\/\/aptgadget.com\/privacy-policy\/#breadcrumb"},"inLanguage":"tr","potentialAction":[{"@type":"ReadAction","target":["https:\/\/aptgadget.com\/privacy-policy\/"]}]},{"@type":"BreadcrumbList","@id":"https:\/\/aptgadget.com\/privacy-policy\/#breadcrumb","itemListElement":[{"@type":"ListItem","position":1,"name":"Home","item":"https:\/\/aptgadget.com\/"},{"@type":"ListItem","position":2,"name":"Privacy Policy"}]},{"@type":"WebSite","@id":"https:\/\/aptgadget.com\/#website","url":"https:\/\/aptgadget.com\/","name":"AptGadget.com","description":"Technology Reviews, Products and News","potentialAction":[{"@type":"SearchAction","target":{"@type":"EntryPoint","urlTemplate":"https:\/\/aptgadget.com\/?s={search_term_string}"},"query-input":{"@type":"PropertyValueSpecification","valueRequired":true,"valueName":"search_term_string"}}],"inLanguage":"tr"}]}},"_links":{"self":[{"href":"https:\/\/aptgadget.com\/tr\/wp-json\/wp\/v2\/pages\/2413","targetHints":{"allow":["GET"]}}],"collection":[{"href":"https:\/\/aptgadget.com\/tr\/wp-json\/wp\/v2\/pages"}],"about":[{"href":"https:\/\/aptgadget.com\/tr\/wp-json\/wp\/v2\/types\/page"}],"author":[{"embeddable":true,"href":"https:\/\/aptgadget.com\/tr\/wp-json\/wp\/v2\/users\/1"}],"replies":[{"embeddable":true,"href":"https:\/\/aptgadget.com\/tr\/wp-json\/wp\/v2\/comments?post=2413"}],"version-history":[{"count":3,"href":"https:\/\/aptgadget.com\/tr\/wp-json\/wp\/v2\/pages\/2413\/revisions"}],"predecessor-version":[{"id":13866,"href":"https:\/\/aptgadget.com\/tr\/wp-json\/wp\/v2\/pages\/2413\/revisions\/13866"}],"wp:attachment":[{"href":"https:\/\/aptgadget.com\/tr\/wp-json\/wp\/v2\/media?parent=2413"}],"curies":[{"name":"wp","href":"https:\/\/api.w.org\/{rel}","templated":true}]}}