{"id":4271,"date":"2015-09-16T02:23:21","date_gmt":"2015-09-16T06:23:21","guid":{"rendered":"http:\/\/aptgadget.com\/?page_id=4271"},"modified":"2020-10-29T10:59:06","modified_gmt":"2020-10-29T14:59:06","slug":"about","status":"publish","type":"page","link":"https:\/\/aptgadget.com\/tr\/about\/","title":{"rendered":"Hakk\u0131m\u0131zda"},"content":{"rendered":"<p><img loading=\"lazy\" decoding=\"async\" class=\"aligncenter wp-image-13900\" src=\"https:\/\/aptgadget.com\/wp-content\/uploads\/2015\/09\/aptgadget_logo_retina.png\" width=\"600\" height=\"126\" srcset=\"https:\/\/aptgadget.com\/wp-content\/uploads\/2015\/09\/aptgadget_logo_retina.png 950w, https:\/\/aptgadget.com\/wp-content\/uploads\/2015\/09\/aptgadget_logo_retina-300x63.png 300w, https:\/\/aptgadget.com\/wp-content\/uploads\/2015\/09\/aptgadget_logo_retina-765x161.png 765w, https:\/\/aptgadget.com\/wp-content\/uploads\/2015\/09\/aptgadget_logo_retina-1024x216.png 1024w, https:\/\/aptgadget.com\/wp-content\/uploads\/2015\/09\/aptgadget_logo_retina-244x51.png 244w\" sizes=\"auto, (max-width: 600px) 100vw, 600px\" \/><\/p>\n<p>K\u00fcreselle\u015fen d\u00fcnyada hayatlar\u0131m\u0131z teknoloji etraf\u0131nda d\u00f6n\u00fcyor. \u0130nternet eri\u015fimi d\u00fcnyaya ba\u011flanmakla e\u015fanlaml\u0131 hale geldi ve o olmasayd\u0131, bug\u00fcn neredeyse an\u0131nda bilgi payla\u015f\u0131m\u0131nda sahip oldu\u011fumuz ilerlemelere asla sahip olamazd\u0131k. Bug\u00fcn, herhangi bir soruya yan\u0131t arayabilir ve hayal etti\u011fimizden daha h\u0131zl\u0131 bir \u015fekilde yan\u0131t bulabiliriz.<\/p>\n<p>AptGadget&#039;\u0131n devreye girdi\u011fi yer buras\u0131d\u0131r. D\u00fcnyan\u0131n her yerinden insanlar\u0131n gelip bilgi bulaca\u011f\u0131 bir platform olarak biz AptGadget olarak herkese k\u00fc\u00e7\u00fck bir \u015feyler sunmay\u0131 ama\u00e7l\u0131yoruz. Oyunlar, telefonlar ve hatta cihazlar olsun, konu teknoloji oldu\u011funda ba\u011f\u0131ms\u0131z haber ve incelemelerde \u00f6n s\u0131ralarda yer almak i\u00e7in elimizden gelenin en iyisini yap\u0131yoruz. Kullan\u0131c\u0131lar\u0131n yeni donan\u0131m ve uygulamalar\u0131n kullan\u0131m\u0131nda gezinmelerine yard\u0131mc\u0131 olacak \u00e7ok \u00e7e\u015fitli k\u0131lavuzlar\u0131m\u0131z, e\u011fitimlerimiz ve incelemelerimiz var.<\/p>\n<p>Yeni ara\u00e7lar\u0131n ve geli\u015fmelerin sunulma h\u0131z\u0131yla birlikte i\u00e7erik olu\u015fturucular\u0131n bilgilerini \u00e7evrimi\u00e7i olarak payla\u015fmalar\u0131na y\u00f6nelik sonsuz bir ihtiya\u00e7 var. Tam zamanl\u0131 personeli serbest yazarlarla birle\u015ftirerek, y\u00fcksek kalite standard\u0131n\u0131 korurken s\u00fcrekli olarak yeni bir yakla\u015f\u0131ma sahip olabiliyoruz. Bu, yazarlar\u0131m\u0131z\u0131n farkl\u0131 bak\u0131\u015f a\u00e7\u0131lar\u0131ndan ve k\u00fclt\u00fcrlerinden yararlanmam\u0131za olanak tan\u0131yarak, yay\u0131nlad\u0131\u011f\u0131m\u0131z her \u015feyin sizinle alakal\u0131 kalmas\u0131n\u0131 sa\u011flar.<\/p>\n<p>Ba\u011f\u0131ms\u0131z bir site olarak, zamana ayak uydurabilme ve uyum sa\u011flayabilme konusunda kendimizle gurur duyuyoruz. Yeni fikirleri h\u0131zla hayata ge\u00e7irebiliriz. En \u00f6nemlisi felsefemize inan\u0131yoruz: \u00c7ok \u00e7e\u015fitli konular\u0131 kapsayan ve personelimizin deneyim, bilgi ve bak\u0131\u015f a\u00e7\u0131lar\u0131n\u0131 kullanan y\u00fcksek kaliteli i\u00e7erik. Ar\u015fivlerimize g\u00f6z atarken ilgin\u00e7 bir \u015feyler bulaca\u011f\u0131n\u0131z\u0131 umuyoruz ve herhangi bir \u00f6neri veya inceleme iste\u011finizle ilgili olarak bize bir not b\u0131rakmaktan \u00e7ekinmeyin. Ekibimiz her zaman i\u015fbirli\u011fi yapmaya ve piyasadaki en yeni \u00fcr\u00fcnleri kapsamaya isteklidir.<\/p>\n<h3>Tak\u0131m<br \/>\nAlex Peris \u2013 Genel Yay\u0131n Y\u00f6netmeni<\/h3>\n<p><img loading=\"lazy\" decoding=\"async\" class=\"alignleft wp-image-13876\" src=\"http:\/\/aptgadget.com\/wp-content\/uploads\/2015\/09\/alex-e1488808948745.jpg\" width=\"80\" height=\"80\">Alex, teknoloji end\u00fcstrisine ilk olarak Electronic Arts&#039;\u0131n Mobil b\u00f6l\u00fcm\u00fcndeki bir i\u015fi kabul ettikten sonra girdi. O zamanlar mobil cihazlar bug\u00fcn hepimizin ta\u015f\u0131d\u0131\u011f\u0131 karma\u015f\u0131k aksesuarlardan \u00e7ok uzakt\u0131. &quot;Mobil bilgi i\u015flemdeki devrime ilk elden nas\u0131l tan\u0131k oldu\u011fumuzu hala hayretle d\u00fc\u015f\u00fcn\u00fcyorum&quot; diye an\u0131ms\u0131yor. \u201cYaln\u0131zca birka\u00e7 y\u0131l i\u00e7inde J2ME ve BREW \u00e7al\u0131\u015ft\u0131ran kapakl\u0131 telefonlardan iOS ve Android&#039;e ge\u00e7tik. Ger\u00e7ekten devrim niteli\u011findeydi. Bir anda ak\u0131ll\u0131 telefonda oyun oynamak sonradan akla gelen bir d\u00fc\u015f\u00fcnce olmaktan \u00e7\u0131kt\u0131; iyi bir ak\u0131ll\u0131 telefonun en \u00f6nemli par\u00e7alar\u0131ndan biri haline geldi.&quot; Bu, teknolojiye olan a\u015fk\u0131n\u0131 ba\u015flatman\u0131n yan\u0131 s\u0131ra, uzun y\u0131llar boyunca kariyerini \u015fekillendirecek mobilite alan\u0131nda uzmanla\u015fmaya do\u011fru ilk ad\u0131mlar oldu\u011funu da kan\u0131tlad\u0131. Alex&#039;in \u00fczerinde \u00e7al\u0131\u015ft\u0131\u011f\u0131 \u00f6nemli oyunlar aras\u0131nda Madden, FIFA, Tetris, The Sims, Scrabble, Need for Speed, The Simpsons ve di\u011ferleri yer al\u0131yor.<\/p>\n<p>AptGadget&#039;\u0131n \u00f6tesinde, \u015fu anda kendisini internetteki en iyi bilinen sitelerden baz\u0131lar\u0131n\u0131n tasarlanmas\u0131na, optimize edilmesine ve \u00e7al\u0131\u015ft\u0131r\u0131lmas\u0131na yard\u0131mc\u0131 olan b\u00fcy\u00fck bir BT firmas\u0131nda \u00e7al\u0131\u015f\u0131yor; Bir kez daha mobiliteye ve duyarl\u0131 tasar\u0131ma vurgu yap\u0131yoruz. \u201cGer\u00e7ekten b\u00fcy\u00fcleyici. Mobil siteler tamamen g\u00f6z ard\u0131 edilmekten, sonradan akla gelen bir d\u00fc\u015f\u00fcnceye ve art\u0131k birisinin dijital varl\u0131\u011f\u0131 i\u00e7in en b\u00fcy\u00fck \u00f6ncelik haline gelirken, baz\u0131 a\u00e7\u0131lardan ikinci mobil devrime tan\u0131k olduk. Gittik\u00e7e daha fazla site tamamen duyarl\u0131 hale geliyor ve art\u0131k mobiliteyi optimize etmemenin art\u0131k hi\u00e7bir mazereti yok,&quot; diye d\u00fc\u015f\u00fcnd\u00fc.<\/p>\n<p>Bo\u015f zamanlar\u0131nda m\u00fczik dinlemeyi, konserlere kat\u0131lmay\u0131, oyun oynamay\u0131 (hem video hem de tahta t\u00fcr\u00fcnde), yemek yemeyi, filmleri, kitaplar\u0131, \u00e7izgi romanlar\u0131, viskiyi, teknoloji ve gadget&#039;lar\u0131 ara\u015ft\u0131rmay\u0131, videolar \u00e7ekmeyi ve \u00e7e\u015fitli versiyonlarda bilimi tart\u0131\u015fmay\u0131 seviyor. . En sevdi\u011fi konulardan baz\u0131lar\u0131 f\u00fct\u00fcrizm, kozmoloji, astrofizik, kuantum mekani\u011fi ve psikolojidir. Son olarak, her iyi netizen gibi o da ba\u015far\u0131s\u0131z videolar, hayvanlar\u0131n komik olmas\u0131 veya iyi olmay\u0131 asla d\u00fc\u015f\u00fcnmedi\u011finiz \u00e7\u0131lg\u0131n yetenekler sergileyen biri gibi daha basit zevklerden keyif alabilir.<\/p>\n<h3>Albert Bassili \u2013 Genel Yay\u0131n Y\u00f6netmeni<\/h3>\n<p><img loading=\"lazy\" decoding=\"async\" class=\"wp-image-13872 alignleft\" src=\"http:\/\/aptgadget.com\/wp-content\/uploads\/2015\/09\/albert.jpg\" width=\"80\" height=\"80\" srcset=\"https:\/\/aptgadget.com\/wp-content\/uploads\/2015\/09\/albert.jpg 100w, https:\/\/aptgadget.com\/wp-content\/uploads\/2015\/09\/albert-150x150.jpg 150w, https:\/\/aptgadget.com\/wp-content\/uploads\/2015\/09\/albert-300x300.jpg 300w, https:\/\/aptgadget.com\/wp-content\/uploads\/2015\/09\/albert-768x768.jpg 768w, https:\/\/aptgadget.com\/wp-content\/uploads\/2015\/09\/albert-1024x1024.jpg 1024w, https:\/\/aptgadget.com\/wp-content\/uploads\/2015\/09\/albert-765x765.jpg 765w, https:\/\/aptgadget.com\/wp-content\/uploads\/2015\/09\/albert-184x184.jpg 184w\" sizes=\"auto, (max-width: 80px) 100vw, 80px\" \/>Fizik ve M\u00fczik okumaya ba\u015flad\u0131ktan sonra ger\u00e7ek tutkusunu takip etmek i\u00e7in \u00fcniversiteden ayr\u0131ld\u0131: yazarl\u0131k ve teknoloji end\u00fcstrisi, \u00f6zellikle de oyunlar. Profesyonel yazarl\u0131k hayat\u0131na ilk ad\u0131m\u0131n\u0131 bir MMO oyun sitesinde yay\u0131nlanm\u0131\u015f makaleler alarak att\u0131 ve bir daha arkas\u0131na bakmad\u0131. Monit\u00f6rler ve PC aksesuarlar\u0131 gibi donan\u0131mlardan video oyunlar\u0131 gibi yaz\u0131l\u0131mlara kadar teknoloji end\u00fcstrisindeki \u00e7ok \u00e7e\u015fitli konular\u0131 inceledi veya yazd\u0131.<\/p>\n<p>Yarat\u0131c\u0131 yazarl\u0131\u011f\u0131n profesyonel ya\u015fam\u0131nda b\u00fcy\u00fck bir rol oynamas\u0131 nedeniyle i\u00e7erik yazmak onun tek zevki de\u011fil. Kariyeri boyunca Albert, birka\u00e7 video oyununda yarat\u0131c\u0131 yazar olarak \u00e7al\u0131\u015fman\u0131n yan\u0131 s\u0131ra, yay\u0131nlanm\u0131\u015f bir hikayeye sahip olman\u0131n b\u00fcy\u00fck mutlulu\u011funu ve onurunu ya\u015fad\u0131. Sadece bu de\u011fil, ayn\u0131 zamanda oyun mekani\u011fi tasar\u0131mc\u0131s\u0131 olarak da \u00e7al\u0131\u015ft\u0131.<\/p>\n<p>Son olarak Albert&#039;in metin edit\u00f6r\u00fc olarak da b\u00fcy\u00fck bir deneyimi var. Benzer \u015fekilde video oyunlar\u0131 ve teknolojiyle ilgili web sitelerinde hem i\u00e7erik k\u00fcrat\u00f6r\u00fc hem de i\u00e7erik y\u00f6neticisi olarak \u00e7al\u0131\u015ft\u0131. Kullan\u0131c\u0131lar\u0131n ilgisini \u00e7eken i\u00e7eriklerden sorumlu biri olarak her zaman teknolojiyi yak\u0131ndan takip etmek i\u00e7in \u00e7al\u0131\u015f\u0131yor.<\/p>\n<h3>Deidre Richardson \u2013 K\u0131demli Edit\u00f6r<\/h3>\n<p><img loading=\"lazy\" decoding=\"async\" class=\"wp-image-5067 alignleft\" src=\"http:\/\/aptgadget.com\/wp-content\/uploads\/2015\/09\/e1e42d60771a80c76b5c49676740c1fe-300x300.png\" alt=\"e1e42d60771a80c76b5c49676740c1fe\" width=\"80\" height=\"80\" srcset=\"https:\/\/aptgadget.com\/wp-content\/uploads\/2015\/09\/e1e42d60771a80c76b5c49676740c1fe-300x300.png 300w, https:\/\/aptgadget.com\/wp-content\/uploads\/2015\/09\/e1e42d60771a80c76b5c49676740c1fe-150x150.png 150w, https:\/\/aptgadget.com\/wp-content\/uploads\/2015\/09\/e1e42d60771a80c76b5c49676740c1fe-1024x1024.png 1024w, https:\/\/aptgadget.com\/wp-content\/uploads\/2015\/09\/e1e42d60771a80c76b5c49676740c1fe-765x765.png 765w, https:\/\/aptgadget.com\/wp-content\/uploads\/2015\/09\/e1e42d60771a80c76b5c49676740c1fe.png 138w\" sizes=\"auto, (max-width: 80px) 100vw, 80px\" \/>AptGadget&#039;ta uzun s\u00fcredir \u00e7al\u0131\u015fan bir yazar; Deidre Richardson (ikili lisans, Tarih ve M\u00fczik, Chapel Hill&#039;deki Kuzey Carolina \u00dcniversitesi) teknolojiyle beklenenden biraz daha ge\u00e7 tan\u0131\u015ft\u0131. \u0130lk ak\u0131ll\u0131 telefonunu (Galaxy S3) ald\u0131ktan sonra gerisi tarih oldu. \u015eu anda d\u00fcnya \u00e7ap\u0131ndaki en b\u00fcy\u00fck Samsung hayran sitesi olan SamMobile&#039;da yaz\u0131yor. Ak\u0131ll\u0131 telefonlara ve mobil teknolojiye olan tutkusu ve bilgisi, \u00e7evrimi\u00e7i topluluklar\u0131n en sevdikleri cihazlar hakk\u0131nda her \u015feyi \u00f6\u011frenmelerine yard\u0131mc\u0131 olmas\u0131na olanak tan\u0131d\u0131. D eidre&#039;nin ayr\u0131nt\u0131l\u0131 telefon incelemeleri, g\u00fcnl\u00fck testlerine ne kadar \u00f6zen g\u00f6sterdi\u011finin bir kan\u0131t\u0131d\u0131r. Alandaki en yeni geli\u015fmeleri \u00e7evreleyen en son haberler ve s\u00f6ylentiler i\u00e7in harika bir kaynak.<\/p>\n<p><strong>Yazarlar\u0131m\u0131z<\/strong><\/p>\n<p><img loading=\"lazy\" decoding=\"async\" class=\"size-full wp-image-13873 alignleft\" src=\"http:\/\/aptgadget.com\/wp-content\/uploads\/2015\/09\/twitter_bk-e1488760376250.jpg\" alt=\"\" width=\"80\" height=\"80\">Aptgadget art\u0131k d\u00fcnyan\u0131n d\u00f6rt bir yan\u0131ndan d\u00fczinelerce d\u00fczenli yazar, video yap\u0131mc\u0131s\u0131 ve i\u00e7erik olu\u015fturucuyu b\u00fcnyesinde bar\u0131nd\u0131r\u0131yor. Kanada merkezli olarak art\u0131k Kuzey Amerika ve Avrupa&#039;daki ekiplerle i\u015fbirli\u011fi yap\u0131yoruz. AptGadget&#039;a katk\u0131da bulunmak i\u00e7in gerekenlere sahip oldu\u011funuzu d\u00fc\u015f\u00fcn\u00fcyorsan\u0131z l\u00fctfen bize i\u00e7erik fikirlerinizi i\u00e7eren bir e-posta g\u00f6nderin; siz de ekibin bir par\u00e7as\u0131 olabilirsiniz.[\/wpsm_accordion_section]<\/p>\n<p><strong>Bizim \u0130\u00e7in Yaz\u0131n<\/strong><\/p>\n<p>\u015eu anda yazarlara makale ba\u015f\u0131na \u00f6deme yap\u0131yoruz. \u00dccret oran\u0131na, s\u00f6z konusu i\u00e7eri\u011fi tamamlamak i\u00e7in gerekli oldu\u011funu d\u00fc\u015f\u00fcnd\u00fc\u011f\u00fcm\u00fcz i\u015f miktar\u0131na g\u00f6re ekibimiz taraf\u0131ndan karar verilir. \u015eu anda yaln\u0131zca orijinal ve benzersiz i\u00e7erik fikirlerini kabul ediyoruz. \u0130\u015fte be\u011fendi\u011fimiz baz\u0131 makale ve video t\u00fcrleri:<\/p>\n<ul>\n<li>Teknolojiyle ilgili her t\u00fcrl\u00fc e\u011fitim.<\/li>\n<li>Sahip oldu\u011funuz \u00fcr\u00fcn incelemeleri, yaz\u0131l\u0131m ve donan\u0131m. \u00dcr\u00fcn\u00fcn kendi y\u00fcksek kaliteli g\u00f6rsellerini ve resimlerini sa\u011flayabilmelisiniz.<\/li>\n<li>Ki\u015fisel ve ev kullan\u0131m\u0131na y\u00f6nelik hemen hemen her \u015feyi in\u015fa etme, onarma veya yaratma konusunda Kendin Yap k\u0131lavuzlar\u0131.<\/li>\n<\/ul>\n<p>A\u015fa\u011f\u0131daki t\u00fcrdeki g\u00f6nderilerin hi\u00e7birini kabul etmiyoruz:<\/p>\n<ul>\n<li>Geri d\u00f6n\u00fc\u015ft\u00fcr\u00fclm\u00fc\u015f veya ba\u015fka bir yerde zaten yay\u0131nlanm\u0131\u015f kopya i\u00e7erik.<\/li>\n<li>Her t\u00fcrl\u00fc promosyon, ba\u011flant\u0131, \u00fcr\u00fcn, sat\u0131\u015f, sahte incelemelerle ilgili misafir g\u00f6nderileri.<\/li>\n<li>Promosyon ama\u00e7l\u0131 konuk g\u00f6nderilerini veya ilgili herhangi bir talebi satm\u0131yoruz.<\/li>\n<\/ul>\n<h3>E-posta Adresi:<\/h3>\n<h5><a href=\"mailto:info@aptgadget.com\" target=\"_blank\" rel=\"noopener noreferrer\">info@aptgadget.com<\/a>&nbsp;\u2013 veya bizim <span style=\"color: #0000ff;\"><a style=\"color: #0000ff;\" href=\"https:\/\/aptgadget.com\/tr\/contact-us\/\">\u0130leti\u015fim Formu<\/a><\/span>.<\/h5>\n<h3>Sosyal medya<\/h3>\n<p><a href=\"https:\/\/www.facebook.com\/aptgadget\" target=\"_blank\" rel=\"noopener\"><img loading=\"lazy\" decoding=\"async\" class=\"wp-image-25 alignleft\" src=\"http:\/\/aptgadget.com\/wp-content\/uploads\/2014\/08\/facebook.png\" alt=\"facebook\" width=\"32\" height=\"32\" srcset=\"https:\/\/aptgadget.com\/wp-content\/uploads\/2014\/08\/facebook.png 64w, https:\/\/aptgadget.com\/wp-content\/uploads\/2014\/08\/facebook-50x50.png 50w\" sizes=\"auto, (max-width: 32px) 100vw, 32px\" \/><\/a> <a href=\"https:\/\/twitter.com\/aptgadgetcom\" target=\"_blank\" rel=\"noopener\"><img loading=\"lazy\" decoding=\"async\" class=\"wp-image-30 alignleft\" src=\"http:\/\/aptgadget.com\/wp-content\/uploads\/2014\/08\/twitter.png\" alt=\"twitter\" width=\"32\" height=\"32\" srcset=\"https:\/\/aptgadget.com\/wp-content\/uploads\/2014\/08\/twitter.png 64w, https:\/\/aptgadget.com\/wp-content\/uploads\/2014\/08\/twitter-50x50.png 50w\" sizes=\"auto, (max-width: 32px) 100vw, 32px\" \/><\/a> <a href=\"http:\/\/www.pinterest.com\/aptgadget\/\" target=\"_blank\" rel=\"noopener\"><img loading=\"lazy\" decoding=\"async\" class=\"wp-image-27 alignleft\" src=\"http:\/\/aptgadget.com\/wp-content\/uploads\/2014\/08\/pinterest.png\" alt=\"pinterest\" width=\"32\" height=\"32\" srcset=\"https:\/\/aptgadget.com\/wp-content\/uploads\/2014\/08\/pinterest.png 64w, https:\/\/aptgadget.com\/wp-content\/uploads\/2014\/08\/pinterest-50x50.png 50w\" sizes=\"auto, (max-width: 32px) 100vw, 32px\" \/><\/a> <a href=\"https:\/\/google.com\/+Aptgadget\" target=\"_blank\" rel=\"noopener\"><img loading=\"lazy\" decoding=\"async\" class=\"wp-image-26 alignleft\" src=\"http:\/\/aptgadget.com\/wp-content\/uploads\/2014\/08\/google+.png\" alt=\"google+\" width=\"32\" height=\"32\" srcset=\"https:\/\/aptgadget.com\/wp-content\/uploads\/2014\/08\/google+.png 64w, https:\/\/aptgadget.com\/wp-content\/uploads\/2014\/08\/google+-50x50.png 50w\" sizes=\"auto, (max-width: 32px) 100vw, 32px\" \/><\/a><\/p>","protected":false},"excerpt":{"rendered":"<p>In a globalized world our lives revolve around technology. Internet access has become synonymous with connecting to the world, and without it we would never have the advancements we have today from near-instantaneous sharing of information. Today, we can search for answers to any question, and find answers, faster than we ever imagined possible. That\u2019s &hellip;<\/p>","protected":false},"author":4,"featured_media":0,"parent":0,"menu_order":0,"comment_status":"closed","ping_status":"closed","template":"","meta":{"footnotes":""},"class_list":["post-4271","page","type-page","status-publish","hentry"],"yoast_head":"<!-- This site is optimized with the Yoast SEO Premium plugin v27.1 (Yoast SEO v27.1.1) - https:\/\/yoast.com\/product\/yoast-seo-premium-wordpress\/ -->\n<title>About Us - AptGadget.com<\/title>\n<meta name=\"robots\" content=\"index, follow, max-snippet:-1, max-image-preview:large, max-video-preview:-1\" \/>\n<link rel=\"canonical\" href=\"https:\/\/aptgadget.com\/tr\/about\/\" \/>\n<meta property=\"og:locale\" content=\"tr_TR\" \/>\n<meta property=\"og:type\" content=\"article\" \/>\n<meta property=\"og:title\" content=\"About Us\" \/>\n<meta property=\"og:description\" content=\"In a globalized world our lives revolve around technology. Internet access has become synonymous with connecting to the world, and without it we would never have the advancements we have today from near-instantaneous sharing of information. Today, we can search for answers to any question, and find answers, faster than we ever imagined possible. That\u2019s &hellip;\" \/>\n<meta property=\"og:url\" content=\"https:\/\/aptgadget.com\/tr\/about\/\" \/>\n<meta property=\"og:site_name\" content=\"AptGadget.com\" \/>\n<meta property=\"article:modified_time\" content=\"2020-10-29T14:59:06+00:00\" \/>\n<meta property=\"og:image\" content=\"https:\/\/aptgadget.com\/wp-content\/uploads\/2015\/09\/aptgadget_logo_retina.png\" \/>\n<meta name=\"twitter:label1\" content=\"Tahmini okuma s\u00fcresi\" \/>\n\t<meta name=\"twitter:data1\" content=\"6 dakika\" \/>\n<script type=\"application\/ld+json\" class=\"yoast-schema-graph\">{\"@context\":\"https:\/\/schema.org\",\"@graph\":[{\"@type\":\"WebPage\",\"@id\":\"https:\/\/aptgadget.com\/about\/\",\"url\":\"https:\/\/aptgadget.com\/about\/\",\"name\":\"About Us - AptGadget.com\",\"isPartOf\":{\"@id\":\"https:\/\/aptgadget.com\/#website\"},\"primaryImageOfPage\":{\"@id\":\"https:\/\/aptgadget.com\/about\/#primaryimage\"},\"image\":{\"@id\":\"https:\/\/aptgadget.com\/about\/#primaryimage\"},\"thumbnailUrl\":\"https:\/\/aptgadget.com\/wp-content\/uploads\/2015\/09\/aptgadget_logo_retina.png\",\"datePublished\":\"2015-09-16T06:23:21+00:00\",\"dateModified\":\"2020-10-29T14:59:06+00:00\",\"breadcrumb\":{\"@id\":\"https:\/\/aptgadget.com\/about\/#breadcrumb\"},\"inLanguage\":\"tr\",\"potentialAction\":[{\"@type\":\"ReadAction\",\"target\":[\"https:\/\/aptgadget.com\/about\/\"]}]},{\"@type\":\"ImageObject\",\"inLanguage\":\"tr\",\"@id\":\"https:\/\/aptgadget.com\/about\/#primaryimage\",\"url\":\"https:\/\/aptgadget.com\/wp-content\/uploads\/2015\/09\/aptgadget_logo_retina.png\",\"contentUrl\":\"https:\/\/aptgadget.com\/wp-content\/uploads\/2015\/09\/aptgadget_logo_retina.png\"},{\"@type\":\"BreadcrumbList\",\"@id\":\"https:\/\/aptgadget.com\/about\/#breadcrumb\",\"itemListElement\":[{\"@type\":\"ListItem\",\"position\":1,\"name\":\"Home\",\"item\":\"https:\/\/aptgadget.com\/\"},{\"@type\":\"ListItem\",\"position\":2,\"name\":\"About Us\"}]},{\"@type\":\"WebSite\",\"@id\":\"https:\/\/aptgadget.com\/#website\",\"url\":\"https:\/\/aptgadget.com\/\",\"name\":\"AptGadget.com\",\"description\":\"Technology Reviews, Products and News\",\"potentialAction\":[{\"@type\":\"SearchAction\",\"target\":{\"@type\":\"EntryPoint\",\"urlTemplate\":\"https:\/\/aptgadget.com\/?s={search_term_string}\"},\"query-input\":{\"@type\":\"PropertyValueSpecification\",\"valueRequired\":true,\"valueName\":\"search_term_string\"}}],\"inLanguage\":\"tr\"}]}<\/script>\n<!-- \/ Yoast SEO Premium plugin. -->","yoast_head_json":{"title":"About Us - AptGadget.com","robots":{"index":"index","follow":"follow","max-snippet":"max-snippet:-1","max-image-preview":"max-image-preview:large","max-video-preview":"max-video-preview:-1"},"canonical":"https:\/\/aptgadget.com\/tr\/about\/","og_locale":"tr_TR","og_type":"article","og_title":"About Us","og_description":"In a globalized world our lives revolve around technology. Internet access has become synonymous with connecting to the world, and without it we would never have the advancements we have today from near-instantaneous sharing of information. Today, we can search for answers to any question, and find answers, faster than we ever imagined possible. That\u2019s &hellip;","og_url":"https:\/\/aptgadget.com\/tr\/about\/","og_site_name":"AptGadget.com","article_modified_time":"2020-10-29T14:59:06+00:00","og_image":[{"url":"https:\/\/aptgadget.com\/wp-content\/uploads\/2015\/09\/aptgadget_logo_retina.png","type":"","width":"","height":""}],"twitter_misc":{"Tahmini okuma s\u00fcresi":"6 dakika"},"schema":{"@context":"https:\/\/schema.org","@graph":[{"@type":"WebPage","@id":"https:\/\/aptgadget.com\/about\/","url":"https:\/\/aptgadget.com\/about\/","name":"About Us - AptGadget.com","isPartOf":{"@id":"https:\/\/aptgadget.com\/#website"},"primaryImageOfPage":{"@id":"https:\/\/aptgadget.com\/about\/#primaryimage"},"image":{"@id":"https:\/\/aptgadget.com\/about\/#primaryimage"},"thumbnailUrl":"https:\/\/aptgadget.com\/wp-content\/uploads\/2015\/09\/aptgadget_logo_retina.png","datePublished":"2015-09-16T06:23:21+00:00","dateModified":"2020-10-29T14:59:06+00:00","breadcrumb":{"@id":"https:\/\/aptgadget.com\/about\/#breadcrumb"},"inLanguage":"tr","potentialAction":[{"@type":"ReadAction","target":["https:\/\/aptgadget.com\/about\/"]}]},{"@type":"ImageObject","inLanguage":"tr","@id":"https:\/\/aptgadget.com\/about\/#primaryimage","url":"https:\/\/aptgadget.com\/wp-content\/uploads\/2015\/09\/aptgadget_logo_retina.png","contentUrl":"https:\/\/aptgadget.com\/wp-content\/uploads\/2015\/09\/aptgadget_logo_retina.png"},{"@type":"BreadcrumbList","@id":"https:\/\/aptgadget.com\/about\/#breadcrumb","itemListElement":[{"@type":"ListItem","position":1,"name":"Home","item":"https:\/\/aptgadget.com\/"},{"@type":"ListItem","position":2,"name":"About Us"}]},{"@type":"WebSite","@id":"https:\/\/aptgadget.com\/#website","url":"https:\/\/aptgadget.com\/","name":"AptGadget.com","description":"Technology Reviews, Products and News","potentialAction":[{"@type":"SearchAction","target":{"@type":"EntryPoint","urlTemplate":"https:\/\/aptgadget.com\/?s={search_term_string}"},"query-input":{"@type":"PropertyValueSpecification","valueRequired":true,"valueName":"search_term_string"}}],"inLanguage":"tr"}]}},"_links":{"self":[{"href":"https:\/\/aptgadget.com\/tr\/wp-json\/wp\/v2\/pages\/4271","targetHints":{"allow":["GET"]}}],"collection":[{"href":"https:\/\/aptgadget.com\/tr\/wp-json\/wp\/v2\/pages"}],"about":[{"href":"https:\/\/aptgadget.com\/tr\/wp-json\/wp\/v2\/types\/page"}],"author":[{"embeddable":true,"href":"https:\/\/aptgadget.com\/tr\/wp-json\/wp\/v2\/users\/4"}],"replies":[{"embeddable":true,"href":"https:\/\/aptgadget.com\/tr\/wp-json\/wp\/v2\/comments?post=4271"}],"version-history":[{"count":41,"href":"https:\/\/aptgadget.com\/tr\/wp-json\/wp\/v2\/pages\/4271\/revisions"}],"predecessor-version":[{"id":17456,"href":"https:\/\/aptgadget.com\/tr\/wp-json\/wp\/v2\/pages\/4271\/revisions\/17456"}],"wp:attachment":[{"href":"https:\/\/aptgadget.com\/tr\/wp-json\/wp\/v2\/media?parent=4271"}],"curies":[{"name":"wp","href":"https:\/\/api.w.org\/{rel}","templated":true}]}}